{"id":512,"date":"2026-04-13T14:35:16","date_gmt":"2026-04-13T14:35:16","guid":{"rendered":"https:\/\/trenesparachile2050.cl\/?page_id=512"},"modified":"2026-04-14T17:34:44","modified_gmt":"2026-04-14T17:34:44","slug":"contacto","status":"publish","type":"page","link":"https:\/\/trenesparachile2050.cl\/en\/contacto\/","title":{"rendered":"Contact"},"content":{"rendered":"\t\t<div data-elementor-type=\"wp-page\" data-elementor-id=\"512\" class=\"elementor elementor-512\" data-elementor-post-type=\"page\">\n\t\t\t\t<div class=\"elementor-element elementor-element-c24c40f e-flex e-con-boxed e-con e-parent\" data-id=\"c24c40f\" data-element_type=\"container\" data-e-type=\"container\" data-settings=\"{&quot;background_background&quot;:&quot;classic&quot;}\">\n\t\t\t\t\t<div class=\"e-con-inner\">\n\t\t\t\t\t<\/div>\n\t\t\t\t<\/div>\n\t\t<div class=\"elementor-element elementor-element-c706527 e-flex e-con-boxed e-con e-parent\" data-id=\"c706527\" data-element_type=\"container\" data-e-type=\"container\" data-settings=\"{&quot;background_background&quot;:&quot;classic&quot;}\">\n\t\t\t\t\t<div class=\"e-con-inner\">\n\t\t\t\t<div class=\"elementor-element elementor-element-e5884c0 elementor-widget elementor-widget-heading\" data-id=\"e5884c0\" data-element_type=\"widget\" data-e-type=\"widget\" data-widget_type=\"heading.default\">\n\t\t\t\t\t<h1 class=\"elementor-heading-title elementor-size-default\">Conversemos sobre el futuro del tren en Chile\n\n<\/h1>\t\t\t\t<\/div>\n\t\t\t\t<div class=\"elementor-element elementor-element-389a136 elementor-widget elementor-widget-heading\" data-id=\"389a136\" data-element_type=\"widget\" data-e-type=\"widget\" data-widget_type=\"heading.default\">\n\t\t\t\t\t<h2 class=\"elementor-heading-title elementor-size-default\">Conecta, colabora y s\u00e9 parte del desarrollo ferroviario del pa\u00eds\n\n<\/h2>\t\t\t\t<\/div>\n\t\t\t\t<div class=\"elementor-element elementor-element-18ce18d elementor-widget__width-initial elementor-widget elementor-widget-text-editor\" data-id=\"18ce18d\" data-element_type=\"widget\" data-e-type=\"widget\" data-widget_type=\"text-editor.default\">\n\t\t\t\t\t\t\t\t\t<p>Chile necesita una nueva forma de pensar su movilidad, su log\u00edstica y su desarrollo territorial. El ferrocarril vuelve a posicionarse como un eje estrat\u00e9gico para el pa\u00eds, pero su desarrollo depende de la colaboraci\u00f3n entre personas, instituciones y empresas.<\/p><p>Si quieres aportar, participar o saber m\u00e1s, este es el punto de conexi\u00f3n.<\/p>\t\t\t\t\t\t\t\t<\/div>\n\t\t\t\t\t<\/div>\n\t\t\t\t<\/div>\n\t\t<div class=\"elementor-element elementor-element-82e5911 e-flex e-con-boxed e-con e-parent\" data-id=\"82e5911\" data-element_type=\"container\" data-e-type=\"container\">\n\t\t\t\t\t<div class=\"e-con-inner\">\n\t\t\t\t<div class=\"elementor-element elementor-element-8854e63 elementor-widget elementor-widget-n-accordion\" data-id=\"8854e63\" data-element_type=\"widget\" data-e-type=\"widget\" data-settings=\"{&quot;default_state&quot;:&quot;expanded&quot;,&quot;max_items_expended&quot;:&quot;one&quot;,&quot;n_accordion_animation_duration&quot;:{&quot;unit&quot;:&quot;ms&quot;,&quot;size&quot;:400,&quot;sizes&quot;:[]}}\" data-widget_type=\"nested-accordion.default\">\n\t\t\t\t\t\t\t<div class=\"e-n-accordion\" aria-label=\"Accordion. Open links with Enter or Space, close with Escape, and navigate with Arrow Keys\">\n\t\t\t\t\t\t<details id=\"e-n-accordion-item-1420\" class=\"e-n-accordion-item\" open>\n\t\t\t\t<summary class=\"e-n-accordion-item-title\" data-accordion-index=\"1\" tabindex=\"0\" aria-expanded=\"true\" aria-controls=\"e-n-accordion-item-1420\" >\n\t\t\t\t\t<span class='e-n-accordion-item-title-header'><div class=\"e-n-accordion-item-title-text\"> Contacto general <\/div><\/span>\n\t\t\t\t\t\t\t<span class='e-n-accordion-item-title-icon'>\n\t\t\t<span class='e-opened' ><svg aria-hidden=\"true\" class=\"e-font-icon-svg e-fas-minus\" viewBox=\"0 0 448 512\" xmlns=\"http:\/\/www.w3.org\/2000\/svg\"><path d=\"M416 208H32c-17.67 0-32 14.33-32 32v32c0 17.67 14.33 32 32 32h384c17.67 0 32-14.33 32-32v-32c0-17.67-14.33-32-32-32z\"><\/path><\/svg><\/span>\n\t\t\t<span class='e-closed'><svg aria-hidden=\"true\" class=\"e-font-icon-svg e-fas-plus\" viewBox=\"0 0 448 512\" xmlns=\"http:\/\/www.w3.org\/2000\/svg\"><path d=\"M416 208H272V64c0-17.67-14.33-32-32-32h-32c-17.67 0-32 14.33-32 32v144H32c-17.67 0-32 14.33-32 32v32c0 17.67 14.33 32 32 32h144v144c0 17.67 14.33 32 32 32h32c17.67 0 32-14.33 32-32V304h144c17.67 0 32-14.33 32-32v-32c0-17.67-14.33-32-32-32z\"><\/path><\/svg><\/span>\n\t\t<\/span>\n\n\t\t\t\t\t\t<\/summary>\n\t\t\t\t<div role=\"region\" aria-labelledby=\"e-n-accordion-item-1420\" class=\"elementor-element elementor-element-93cde30 e-con-full e-flex e-con e-child\" data-id=\"93cde30\" data-element_type=\"container\" data-e-type=\"container\">\n\t\t<div role=\"region\" aria-labelledby=\"e-n-accordion-item-1420\" class=\"elementor-element elementor-element-7aac0f6 e-flex e-con-boxed e-con e-child\" data-id=\"7aac0f6\" data-element_type=\"container\" data-e-type=\"container\">\n\t\t\t\t\t<div class=\"e-con-inner\">\n\t\t\t\t<div class=\"elementor-element elementor-element-82373a0 elementor-button-align-stretch elementor-widget elementor-widget-form\" data-id=\"82373a0\" data-element_type=\"widget\" data-e-type=\"widget\" data-settings=\"{&quot;step_next_label&quot;:&quot;Next&quot;,&quot;step_previous_label&quot;:&quot;Previous&quot;,&quot;button_width&quot;:&quot;100&quot;,&quot;step_type&quot;:&quot;number_text&quot;,&quot;step_icon_shape&quot;:&quot;circle&quot;}\" data-widget_type=\"form.default\">\n\t\t\t\t\t\t\t<form class=\"elementor-form\" method=\"post\" name=\"New Form\" aria-label=\"New Form\">\n\t\t\t<input type=\"hidden\" name=\"post_id\" value=\"512\"\/>\n\t\t\t<input type=\"hidden\" name=\"form_id\" value=\"82373a0\"\/>\n\t\t\t<input type=\"hidden\" name=\"referer_title\" value=\"Pol\u00edtica Nacional Ferroviaria de Chile 2050\" \/>\n\n\t\t\t\n\t\t\t<div class=\"elementor-form-fields-wrapper elementor-labels-above\">\n\t\t\t\t\t\t\t\t<div class=\"elementor-field-type-text elementor-field-group elementor-column elementor-field-group-name elementor-col-100\">\n\t\t\t\t\t\t\t\t\t\t\t\t\t<input size=\"1\" type=\"text\" name=\"form_fields[name]\" id=\"form-field-name\" class=\"elementor-field elementor-size-sm  elementor-field-textual\" placeholder=\"Nombre\">\n\t\t\t\t\t\t\t\t\t\t\t<\/div>\n\t\t\t\t\t\t\t\t<div class=\"elementor-field-type-email elementor-field-group elementor-column elementor-field-group-email elementor-col-100 elementor-field-required\">\n\t\t\t\t\t\t\t\t\t\t\t\t\t<input size=\"1\" type=\"email\" name=\"form_fields[email]\" id=\"form-field-email\" class=\"elementor-field elementor-size-sm  elementor-field-textual\" placeholder=\"Email\" required=\"required\">\n\t\t\t\t\t\t\t\t\t\t\t<\/div>\n\t\t\t\t\t\t\t\t<div class=\"elementor-field-type-select elementor-field-group elementor-column elementor-field-group-field_6fa73fa elementor-col-100\">\n\t\t\t\t\t\t\t<div class=\"elementor-field elementor-select-wrapper remove-before \">\n\t\t\t<div class=\"select-caret-down-wrapper\">\n\t\t\t\t<svg aria-hidden=\"true\" class=\"e-font-icon-svg e-eicon-caret-down\" viewBox=\"0 0 571.4 571.4\" xmlns=\"http:\/\/www.w3.org\/2000\/svg\"><path d=\"M571 393Q571 407 561 418L311 668Q300 679 286 679T261 668L11 418Q0 407 0 393T11 368 36 357H536Q550 357 561 368T571 393Z\"><\/path><\/svg>\t\t\t<\/div>\n\t\t\t<select name=\"form_fields[field_6fa73fa]\" id=\"form-field-field_6fa73fa\" class=\"elementor-field-textual elementor-size-sm\">\n\t\t\t\t\t\t\t\t\t<option value=\"Tipo de inter\u00e9s\">Tipo de inter\u00e9s<\/option>\n\t\t\t\t\t\t\t\t\t<option value=\"Quiero participar\">Quiero participar<\/option>\n\t\t\t\t\t\t\t\t\t<option value=\"Quiero colaborar\">Quiero colaborar<\/option>\n\t\t\t\t\t\t\t\t\t<option value=\"Quiero m\u00e1s informaci\u00f3n\">Quiero m\u00e1s informaci\u00f3n<\/option>\n\t\t\t\t\t\t\t\t\t<option value=\"Otro\">Otro<\/option>\n\t\t\t\t\t\t\t<\/select>\n\t\t<\/div>\n\t\t\t\t\t\t<\/div>\n\t\t\t\t\t\t\t\t<div class=\"elementor-field-type-textarea elementor-field-group elementor-column elementor-field-group-message elementor-col-100\">\n\t\t\t\t\t<textarea class=\"elementor-field-textual elementor-field  elementor-size-sm\" name=\"form_fields[message]\" id=\"form-field-message\" rows=\"4\" placeholder=\"Mensaje\"><\/textarea>\t\t\t\t<\/div>\n\t\t\t\t\t\t\t\t<div class=\"elementor-field-group elementor-column elementor-field-type-submit elementor-col-100 e-form__buttons\">\n\t\t\t\t\t<button class=\"elementor-button elementor-size-sm\" type=\"submit\">\n\t\t\t\t\t\t<span class=\"elementor-button-content-wrapper\">\n\t\t\t\t\t\t\t\t\t\t\t\t\t\t\t\t\t\t\t\t\t\t<span class=\"elementor-button-text\">Enviar<\/span>\n\t\t\t\t\t\t\t\t\t\t\t\t\t<\/span>\n\t\t\t\t\t<\/button>\n\t\t\t\t<\/div>\n\t\t\t<\/div>\n\t\t<\/form>\n\t\t\t\t\t\t<\/div>\n\t\t\t\t\t<\/div>\n\t\t\t\t<\/div>\n\t\t\t\t<\/div>\n\t\t\t\t\t<\/details>\n\t\t\t\t\t\t<details id=\"e-n-accordion-item-1421\" class=\"e-n-accordion-item\" >\n\t\t\t\t<summary class=\"e-n-accordion-item-title\" data-accordion-index=\"2\" tabindex=\"-1\" aria-expanded=\"false\" aria-controls=\"e-n-accordion-item-1421\" >\n\t\t\t\t\t<span class='e-n-accordion-item-title-header'><div class=\"e-n-accordion-item-title-text\"> Contacto prensa <\/div><\/span>\n\t\t\t\t\t\t\t<span class='e-n-accordion-item-title-icon'>\n\t\t\t<span class='e-opened' ><svg aria-hidden=\"true\" class=\"e-font-icon-svg e-fas-minus\" viewBox=\"0 0 448 512\" xmlns=\"http:\/\/www.w3.org\/2000\/svg\"><path d=\"M416 208H32c-17.67 0-32 14.33-32 32v32c0 17.67 14.33 32 32 32h384c17.67 0 32-14.33 32-32v-32c0-17.67-14.33-32-32-32z\"><\/path><\/svg><\/span>\n\t\t\t<span class='e-closed'><svg aria-hidden=\"true\" class=\"e-font-icon-svg e-fas-plus\" viewBox=\"0 0 448 512\" xmlns=\"http:\/\/www.w3.org\/2000\/svg\"><path d=\"M416 208H272V64c0-17.67-14.33-32-32-32h-32c-17.67 0-32 14.33-32 32v144H32c-17.67 0-32 14.33-32 32v32c0 17.67 14.33 32 32 32h144v144c0 17.67 14.33 32 32 32h32c17.67 0 32-14.33 32-32V304h144c17.67 0 32-14.33 32-32v-32c0-17.67-14.33-32-32-32z\"><\/path><\/svg><\/span>\n\t\t<\/span>\n\n\t\t\t\t\t\t<\/summary>\n\t\t\t\t<div role=\"region\" aria-labelledby=\"e-n-accordion-item-1421\" class=\"elementor-element elementor-element-26c196b e-con-full e-flex e-con e-child\" data-id=\"26c196b\" data-element_type=\"container\" data-e-type=\"container\">\n\t\t<div role=\"region\" aria-labelledby=\"e-n-accordion-item-1421\" class=\"elementor-element elementor-element-b7c2133 e-flex e-con-boxed e-con e-child\" data-id=\"b7c2133\" data-element_type=\"container\" data-e-type=\"container\">\n\t\t\t\t\t<div class=\"e-con-inner\">\n\t\t\t\t<div class=\"elementor-element elementor-element-3ce1a1b elementor-button-align-stretch elementor-widget elementor-widget-form\" data-id=\"3ce1a1b\" data-element_type=\"widget\" data-e-type=\"widget\" data-settings=\"{&quot;step_next_label&quot;:&quot;Next&quot;,&quot;step_previous_label&quot;:&quot;Previous&quot;,&quot;button_width&quot;:&quot;100&quot;,&quot;step_type&quot;:&quot;number_text&quot;,&quot;step_icon_shape&quot;:&quot;circle&quot;}\" data-widget_type=\"form.default\">\n\t\t\t\t\t\t\t<form class=\"elementor-form\" method=\"post\" name=\"New Form\" aria-label=\"New Form\">\n\t\t\t<input type=\"hidden\" name=\"post_id\" value=\"512\"\/>\n\t\t\t<input type=\"hidden\" name=\"form_id\" value=\"3ce1a1b\"\/>\n\t\t\t<input type=\"hidden\" name=\"referer_title\" value=\"Pol\u00edtica Nacional Ferroviaria de Chile 2050\" \/>\n\n\t\t\t\n\t\t\t<div class=\"elementor-form-fields-wrapper elementor-labels-above\">\n\t\t\t\t\t\t\t\t<div class=\"elementor-field-type-text elementor-field-group elementor-column elementor-field-group-name elementor-col-50\">\n\t\t\t\t\t\t\t\t\t\t\t\t\t<input size=\"1\" type=\"text\" name=\"form_fields[name]\" id=\"form-field-name\" class=\"elementor-field elementor-size-sm  elementor-field-textual\" placeholder=\"Nombre\">\n\t\t\t\t\t\t\t\t\t\t\t<\/div>\n\t\t\t\t\t\t\t\t<div class=\"elementor-field-type-text elementor-field-group elementor-column elementor-field-group-field_480c4d9 elementor-col-50\">\n\t\t\t\t\t\t\t\t\t\t\t\t\t<input size=\"1\" type=\"text\" name=\"form_fields[field_480c4d9]\" id=\"form-field-field_480c4d9\" class=\"elementor-field elementor-size-sm  elementor-field-textual\" placeholder=\"Medio \/ Organizaci\u00f3n\">\n\t\t\t\t\t\t\t\t\t\t\t<\/div>\n\t\t\t\t\t\t\t\t<div class=\"elementor-field-type-email elementor-field-group elementor-column elementor-field-group-email elementor-col-50 elementor-field-required\">\n\t\t\t\t\t\t\t\t\t\t\t\t\t<input size=\"1\" type=\"email\" name=\"form_fields[email]\" id=\"form-field-email\" class=\"elementor-field elementor-size-sm  elementor-field-textual\" placeholder=\"Email\" required=\"required\">\n\t\t\t\t\t\t\t\t\t\t\t<\/div>\n\t\t\t\t\t\t\t\t<div class=\"elementor-field-type-text elementor-field-group elementor-column elementor-field-group-field_776a13e elementor-col-50\">\n\t\t\t\t\t\t\t\t\t\t\t\t\t<input size=\"1\" type=\"text\" name=\"form_fields[field_776a13e]\" id=\"form-field-field_776a13e\" class=\"elementor-field elementor-size-sm  elementor-field-textual\" placeholder=\"Telefono\">\n\t\t\t\t\t\t\t\t\t\t\t<\/div>\n\t\t\t\t\t\t\t\t<div class=\"elementor-field-type-select elementor-field-group elementor-column elementor-field-group-field_6fa73fa elementor-col-100\">\n\t\t\t\t\t\t\t<div class=\"elementor-field elementor-select-wrapper remove-before \">\n\t\t\t<div class=\"select-caret-down-wrapper\">\n\t\t\t\t<svg aria-hidden=\"true\" class=\"e-font-icon-svg e-eicon-caret-down\" viewBox=\"0 0 571.4 571.4\" xmlns=\"http:\/\/www.w3.org\/2000\/svg\"><path d=\"M571 393Q571 407 561 418L311 668Q300 679 286 679T261 668L11 418Q0 407 0 393T11 368 36 357H536Q550 357 561 368T571 393Z\"><\/path><\/svg>\t\t\t<\/div>\n\t\t\t<select name=\"form_fields[field_6fa73fa]\" id=\"form-field-field_6fa73fa\" class=\"elementor-field-textual elementor-size-sm\">\n\t\t\t\t\t\t\t\t\t<option value=\"Tipo de solicitud:\">Tipo de solicitud:<\/option>\n\t\t\t\t\t\t\t\t\t<option value=\"Entrevista\">Entrevista<\/option>\n\t\t\t\t\t\t\t\t\t<option value=\"Declaraci\u00f3n \/ vocer\u00eda\">Declaraci\u00f3n \/ vocer\u00eda<\/option>\n\t\t\t\t\t\t\t\t\t<option value=\"Informaci\u00f3n \/ prensa\">Informaci\u00f3n \/ prensa<\/option>\n\t\t\t\t\t\t\t\t\t<option value=\"Invitaci\u00f3n a evento\">Invitaci\u00f3n a evento<\/option>\n\t\t\t\t\t\t\t<\/select>\n\t\t<\/div>\n\t\t\t\t\t\t<\/div>\n\t\t\t\t\t\t\t\t<div class=\"elementor-field-type-textarea elementor-field-group elementor-column elementor-field-group-message elementor-col-100\">\n\t\t\t\t\t<textarea class=\"elementor-field-textual elementor-field  elementor-size-sm\" name=\"form_fields[message]\" id=\"form-field-message\" rows=\"4\" placeholder=\"Mensaje\"><\/textarea>\t\t\t\t<\/div>\n\t\t\t\t\t\t\t\t<div class=\"elementor-field-group elementor-column elementor-field-type-submit elementor-col-100 e-form__buttons\">\n\t\t\t\t\t<button class=\"elementor-button elementor-size-sm\" type=\"submit\">\n\t\t\t\t\t\t<span class=\"elementor-button-content-wrapper\">\n\t\t\t\t\t\t\t\t\t\t\t\t\t\t\t\t\t\t\t\t\t\t<span class=\"elementor-button-text\">Enviar<\/span>\n\t\t\t\t\t\t\t\t\t\t\t\t\t<\/span>\n\t\t\t\t\t<\/button>\n\t\t\t\t<\/div>\n\t\t\t<\/div>\n\t\t<\/form>\n\t\t\t\t\t\t<\/div>\n\t\t\t\t\t<\/div>\n\t\t\t\t<\/div>\n\t\t\t\t<\/div>\n\t\t\t\t\t<\/details>\n\t\t\t\t\t<\/div>\n\t\t\t\t\t\t<\/div>\n\t\t\t\t\t<\/div>\n\t\t\t\t<\/div>\n\t\t\t\t<\/div>\n\t\t","protected":false},"excerpt":{"rendered":"<p>Conversemos sobre el futuro del tren en Chile Conecta, colabora y s\u00e9 parte del desarrollo ferroviario del pa\u00eds Chile necesita una nueva forma de pensar su movilidad, su log\u00edstica y su desarrollo territorial. El ferrocarril vuelve a posicionarse como un eje estrat\u00e9gico para el pa\u00eds, pero su desarrollo depende de la colaboraci\u00f3n entre personas, instituciones [&hellip;]<\/p>\n","protected":false},"author":1,"featured_media":0,"parent":0,"menu_order":0,"comment_status":"closed","ping_status":"closed","template":"","meta":{"footnotes":""},"class_list":["post-512","page","type-page","status-publish","hentry"],"yoast_head":"<!-- This site is optimized with the Yoast SEO plugin v27.5 - https:\/\/yoast.com\/product\/yoast-seo-wordpress\/ -->\n<title>Contacto | Trenes para Chile 2050 \u2014 Participa y colabora<\/title>\n<meta name=\"description\" content=\"Cont\u00e1ctanos para colaborar, participar o conocer m\u00e1s sobre la iniciativa Trenes para Chile 2050. Conecta con el desarrollo ferroviario del pa\u00eds.\" \/>\n<meta name=\"robots\" content=\"index, follow, max-snippet:-1, max-image-preview:large, max-video-preview:-1\" \/>\n<link rel=\"canonical\" href=\"https:\/\/trenesparachile2050.cl\/en\/contacto\/\" \/>\n<meta property=\"og:locale\" content=\"en_US\" \/>\n<meta property=\"og:type\" content=\"article\" \/>\n<meta property=\"og:title\" content=\"Contacto | Trenes para Chile 2050 \u2014 Participa y colabora\" \/>\n<meta property=\"og:description\" content=\"Cont\u00e1ctanos para colaborar, participar o conocer m\u00e1s sobre la iniciativa Trenes para Chile 2050. Conecta con el desarrollo ferroviario del pa\u00eds.\" \/>\n<meta property=\"og:url\" content=\"https:\/\/trenesparachile2050.cl\/en\/contacto\/\" \/>\n<meta property=\"og:site_name\" content=\"Pol\u00edtica Nacional Ferroviaria de Chile 2050\" \/>\n<meta property=\"article:modified_time\" content=\"2026-04-14T17:34:44+00:00\" \/>\n<meta name=\"twitter:card\" content=\"summary_large_image\" \/>\n<meta name=\"twitter:label1\" content=\"Est. reading time\" \/>\n\t<meta name=\"twitter:data1\" content=\"1 minute\" \/>\n<script type=\"application\/ld+json\" class=\"yoast-schema-graph\">{\"@context\":\"https:\\\/\\\/schema.org\",\"@graph\":[{\"@type\":\"WebPage\",\"@id\":\"https:\\\/\\\/trenesparachile2050.cl\\\/contacto\\\/\",\"url\":\"https:\\\/\\\/trenesparachile2050.cl\\\/contacto\\\/\",\"name\":\"Contacto | Trenes para Chile 2050 \u2014 Participa y colabora\",\"isPartOf\":{\"@id\":\"https:\\\/\\\/trenesparachile2050.cl\\\/#website\"},\"datePublished\":\"2026-04-13T14:35:16+00:00\",\"dateModified\":\"2026-04-14T17:34:44+00:00\",\"description\":\"Cont\u00e1ctanos para colaborar, participar o conocer m\u00e1s sobre la iniciativa Trenes para Chile 2050. Conecta con el desarrollo ferroviario del pa\u00eds.\",\"breadcrumb\":{\"@id\":\"https:\\\/\\\/trenesparachile2050.cl\\\/contacto\\\/#breadcrumb\"},\"inLanguage\":\"en-US\",\"potentialAction\":[{\"@type\":\"ReadAction\",\"target\":[\"https:\\\/\\\/trenesparachile2050.cl\\\/contacto\\\/\"]}]},{\"@type\":\"BreadcrumbList\",\"@id\":\"https:\\\/\\\/trenesparachile2050.cl\\\/contacto\\\/#breadcrumb\",\"itemListElement\":[{\"@type\":\"ListItem\",\"position\":1,\"name\":\"Inicio\",\"item\":\"https:\\\/\\\/trenesparachile2050.cl\\\/\"},{\"@type\":\"ListItem\",\"position\":2,\"name\":\"Contacto\"}]},{\"@type\":\"WebSite\",\"@id\":\"https:\\\/\\\/trenesparachile2050.cl\\\/#website\",\"url\":\"https:\\\/\\\/trenesparachile2050.cl\\\/\",\"name\":\"trenesparachile2050.cl\",\"description\":\"Estrategia para consolidar el ferrocarril como eje clave del transporte y la log\u00edstica en Chile, promoviendo sostenibilidad y desarrollo econ\u00f3mico hacia 2050.\",\"publisher\":{\"@id\":\"https:\\\/\\\/trenesparachile2050.cl\\\/#organization\"},\"potentialAction\":[{\"@type\":\"SearchAction\",\"target\":{\"@type\":\"EntryPoint\",\"urlTemplate\":\"https:\\\/\\\/trenesparachile2050.cl\\\/?s={search_term_string}\"},\"query-input\":{\"@type\":\"PropertyValueSpecification\",\"valueRequired\":true,\"valueName\":\"search_term_string\"}}],\"inLanguage\":\"en-US\"},{\"@type\":\"Organization\",\"@id\":\"https:\\\/\\\/trenesparachile2050.cl\\\/#organization\",\"name\":\"trenesparachile2050.cl\",\"url\":\"https:\\\/\\\/trenesparachile2050.cl\\\/\",\"logo\":{\"@type\":\"ImageObject\",\"inLanguage\":\"en-US\",\"@id\":\"https:\\\/\\\/trenesparachile2050.cl\\\/#\\\/schema\\\/logo\\\/image\\\/\",\"url\":\"https:\\\/\\\/trenesparachile2050.cl\\\/wp-content\\\/uploads\\\/2026\\\/04\\\/treneslogo.png\",\"contentUrl\":\"https:\\\/\\\/trenesparachile2050.cl\\\/wp-content\\\/uploads\\\/2026\\\/04\\\/treneslogo.png\",\"width\":2556,\"height\":1043,\"caption\":\"trenesparachile2050.cl\"},\"image\":{\"@id\":\"https:\\\/\\\/trenesparachile2050.cl\\\/#\\\/schema\\\/logo\\\/image\\\/\"}}]}<\/script>\n<!-- \/ Yoast SEO plugin. -->","yoast_head_json":{"title":"Contacto | Trenes para Chile 2050 \u2014 Participa y colabora","description":"Cont\u00e1ctanos para colaborar, participar o conocer m\u00e1s sobre la iniciativa Trenes para Chile 2050. Conecta con el desarrollo ferroviario del pa\u00eds.","robots":{"index":"index","follow":"follow","max-snippet":"max-snippet:-1","max-image-preview":"max-image-preview:large","max-video-preview":"max-video-preview:-1"},"canonical":"https:\/\/trenesparachile2050.cl\/en\/contacto\/","og_locale":"en_US","og_type":"article","og_title":"Contacto | Trenes para Chile 2050 \u2014 Participa y colabora","og_description":"Cont\u00e1ctanos para colaborar, participar o conocer m\u00e1s sobre la iniciativa Trenes para Chile 2050. Conecta con el desarrollo ferroviario del pa\u00eds.","og_url":"https:\/\/trenesparachile2050.cl\/en\/contacto\/","og_site_name":"Pol\u00edtica Nacional Ferroviaria de Chile 2050","article_modified_time":"2026-04-14T17:34:44+00:00","twitter_card":"summary_large_image","twitter_misc":{"Est. reading time":"1 minute"},"schema":{"@context":"https:\/\/schema.org","@graph":[{"@type":"WebPage","@id":"https:\/\/trenesparachile2050.cl\/contacto\/","url":"https:\/\/trenesparachile2050.cl\/contacto\/","name":"Contacto | Trenes para Chile 2050 \u2014 Participa y colabora","isPartOf":{"@id":"https:\/\/trenesparachile2050.cl\/#website"},"datePublished":"2026-04-13T14:35:16+00:00","dateModified":"2026-04-14T17:34:44+00:00","description":"Cont\u00e1ctanos para colaborar, participar o conocer m\u00e1s sobre la iniciativa Trenes para Chile 2050. Conecta con el desarrollo ferroviario del pa\u00eds.","breadcrumb":{"@id":"https:\/\/trenesparachile2050.cl\/contacto\/#breadcrumb"},"inLanguage":"en-US","potentialAction":[{"@type":"ReadAction","target":["https:\/\/trenesparachile2050.cl\/contacto\/"]}]},{"@type":"BreadcrumbList","@id":"https:\/\/trenesparachile2050.cl\/contacto\/#breadcrumb","itemListElement":[{"@type":"ListItem","position":1,"name":"Inicio","item":"https:\/\/trenesparachile2050.cl\/"},{"@type":"ListItem","position":2,"name":"Contacto"}]},{"@type":"WebSite","@id":"https:\/\/trenesparachile2050.cl\/#website","url":"https:\/\/trenesparachile2050.cl\/","name":"trenesparachile2050.cl","description":"Estrategia para consolidar el ferrocarril como eje clave del transporte y la log\u00edstica en Chile, promoviendo sostenibilidad y desarrollo econ\u00f3mico hacia 2050.","publisher":{"@id":"https:\/\/trenesparachile2050.cl\/#organization"},"potentialAction":[{"@type":"SearchAction","target":{"@type":"EntryPoint","urlTemplate":"https:\/\/trenesparachile2050.cl\/?s={search_term_string}"},"query-input":{"@type":"PropertyValueSpecification","valueRequired":true,"valueName":"search_term_string"}}],"inLanguage":"en-US"},{"@type":"Organization","@id":"https:\/\/trenesparachile2050.cl\/#organization","name":"trenesparachile2050.cl","url":"https:\/\/trenesparachile2050.cl\/","logo":{"@type":"ImageObject","inLanguage":"en-US","@id":"https:\/\/trenesparachile2050.cl\/#\/schema\/logo\/image\/","url":"https:\/\/trenesparachile2050.cl\/wp-content\/uploads\/2026\/04\/treneslogo.png","contentUrl":"https:\/\/trenesparachile2050.cl\/wp-content\/uploads\/2026\/04\/treneslogo.png","width":2556,"height":1043,"caption":"trenesparachile2050.cl"},"image":{"@id":"https:\/\/trenesparachile2050.cl\/#\/schema\/logo\/image\/"}}]}},"_links":{"self":[{"href":"https:\/\/trenesparachile2050.cl\/en\/wp-json\/wp\/v2\/pages\/512","targetHints":{"allow":["GET"]}}],"collection":[{"href":"https:\/\/trenesparachile2050.cl\/en\/wp-json\/wp\/v2\/pages"}],"about":[{"href":"https:\/\/trenesparachile2050.cl\/en\/wp-json\/wp\/v2\/types\/page"}],"author":[{"embeddable":true,"href":"https:\/\/trenesparachile2050.cl\/en\/wp-json\/wp\/v2\/users\/1"}],"replies":[{"embeddable":true,"href":"https:\/\/trenesparachile2050.cl\/en\/wp-json\/wp\/v2\/comments?post=512"}],"version-history":[{"count":35,"href":"https:\/\/trenesparachile2050.cl\/en\/wp-json\/wp\/v2\/pages\/512\/revisions"}],"predecessor-version":[{"id":1757,"href":"https:\/\/trenesparachile2050.cl\/en\/wp-json\/wp\/v2\/pages\/512\/revisions\/1757"}],"wp:attachment":[{"href":"https:\/\/trenesparachile2050.cl\/en\/wp-json\/wp\/v2\/media?parent=512"}],"curies":[{"name":"wp","href":"https:\/\/api.w.org\/{rel}","templated":true}]}}