{"id":1759,"date":"2026-04-29T18:17:17","date_gmt":"2026-04-29T22:17:17","guid":{"rendered":"https:\/\/trenesparachile2050.cl\/?page_id=1759"},"modified":"2026-04-29T18:24:47","modified_gmt":"2026-04-29T22:24:47","slug":"inscripcion","status":"publish","type":"page","link":"https:\/\/trenesparachile2050.cl\/en\/inscripcion\/","title":{"rendered":"inscripci\u00f3n"},"content":{"rendered":"<div data-elementor-type=\"wp-page\" data-elementor-id=\"1759\" class=\"elementor elementor-1759\" data-elementor-post-type=\"page\">\n\t\t\t\t<div class=\"elementor-element elementor-element-966b2d8 e-con-full e-flex e-con e-parent\" data-id=\"966b2d8\" data-element_type=\"container\" data-e-type=\"container\">\n\t\t\t\t\t\t\t\n\t\t\t<img class=\"e-image-base\" \n\t\t\t\t\tdata-interaction-id=\"457513a\" \n\t\t \n\t\t data-e-type=\"widget\" data-id=\"457513a\" \n\t\t\t\t\t\t\t\t\tid=\"1760\"\n\t\t\t\t\t\t\t\t\t\t\t\tsrc=\"https:\/\/trenesparachile2050.cl\/wp-content\/uploads\/2026\/04\/webinas-trenes.png\"\n\t\t\t\t\t\t\t\t\t\t\t\twidth=\"1195\"\n\t\t\t\t\t\t\t\t\t\t\t\theight=\"297\"\n\t\t\t\t\t\t\t\t\t\t\t\tsrcset=\"https:\/\/trenesparachile2050.cl\/wp-content\/uploads\/2026\/04\/webinas-trenes.png 1195w, https:\/\/trenesparachile2050.cl\/wp-content\/uploads\/2026\/04\/webinas-trenes-300x75.png 300w, https:\/\/trenesparachile2050.cl\/wp-content\/uploads\/2026\/04\/webinas-trenes-1024x255.png 1024w, https:\/\/trenesparachile2050.cl\/wp-content\/uploads\/2026\/04\/webinas-trenes-768x191.png 768w, https:\/\/trenesparachile2050.cl\/wp-content\/uploads\/2026\/04\/webinas-trenes-18x4.png 18w\"\n\t\t\t\t\t\t\t\t\t\t\t\talt=\"\"\n\t\t\t\t\t\t\/>\n\t\t\t\t\t<\/div>\n\t\t<div class=\"elementor-element elementor-element-2c6edaf e-con-full e-flex e-con e-parent\" data-id=\"2c6edaf\" data-element_type=\"container\" data-e-type=\"container\">\n\t\t\t\t<div class=\"elementor-element elementor-element-20d272c elementor-widget elementor-widget-html\" data-id=\"20d272c\" data-element_type=\"widget\" data-e-type=\"widget\" data-widget_type=\"html.default\">\n\t\t\t\t\t<iframe src=\"https:\/\/docs.google.com\/forms\/d\/e\/1FAIpQLSeFJ1df2YAmQ_8tWZc4Mmi0Qma63TLs8lMMT0RpAaWfGd4pAg\/viewform?embedded=true\" width=\"640\" height=\"2780\" frameborder=\"0\" marginheight=\"0\" marginwidth=\"0\">Cargando\u2026<\/iframe>\t\t\t\t<\/div>\n\t\t\t\t<\/div>\n\t\t\t\t<\/div>","protected":false},"excerpt":{"rendered":"<p>Cargando\u2026<\/p>","protected":false},"author":1,"featured_media":0,"parent":0,"menu_order":0,"comment_status":"closed","ping_status":"closed","template":"","meta":{"footnotes":""},"class_list":["post-1759","page","type-page","status-publish","hentry"],"yoast_head":"<!-- This site is optimized with the Yoast SEO plugin v27.5 - https:\/\/yoast.com\/product\/yoast-seo-wordpress\/ -->\n<title>WEBINAR | Trenes para Chile 2050: Desaf\u00edos y oportunidades de una pol\u00edtica ferroviaria nacional<\/title>\n<meta name=\"description\" content=\"Este evento tiene como objetivo generar un di\u00e1logo sobre c\u00f3mo el ferrocarril puede transformar la movilidad, la log\u00edstica, la sostenibilidad y el desarrollo en Chile para el 2050.\" \/>\n<meta name=\"robots\" content=\"index, follow, max-snippet:-1, max-image-preview:large, max-video-preview:-1\" \/>\n<link rel=\"canonical\" href=\"https:\/\/trenesparachile2050.cl\/en\/inscripcion\/\" \/>\n<meta property=\"og:locale\" content=\"en_US\" \/>\n<meta property=\"og:type\" content=\"article\" \/>\n<meta property=\"og:title\" content=\"WEBINAR | Trenes para Chile 2050: Desaf\u00edos y oportunidades de una pol\u00edtica ferroviaria nacional\" \/>\n<meta property=\"og:description\" content=\"Este evento tiene como objetivo generar un di\u00e1logo sobre c\u00f3mo el ferrocarril puede transformar la movilidad, la log\u00edstica, la sostenibilidad y el desarrollo en Chile para el 2050.\" \/>\n<meta property=\"og:url\" content=\"https:\/\/trenesparachile2050.cl\/en\/inscripcion\/\" \/>\n<meta property=\"og:site_name\" content=\"Pol\u00edtica Nacional Ferroviaria de Chile 2050\" \/>\n<meta property=\"article:modified_time\" content=\"2026-04-29T22:24:47+00:00\" \/>\n<meta property=\"og:image\" content=\"https:\/\/trenesparachile2050.cl\/wp-content\/uploads\/2026\/04\/cropped-favtrenes.png\" \/>\n\t<meta property=\"og:image:width\" content=\"512\" \/>\n\t<meta property=\"og:image:height\" content=\"512\" \/>\n\t<meta property=\"og:image:type\" content=\"image\/png\" \/>\n<meta name=\"twitter:card\" content=\"summary_large_image\" \/>\n<meta name=\"twitter:label1\" content=\"Est. reading time\" \/>\n\t<meta name=\"twitter:data1\" content=\"1 minute\" \/>\n<script type=\"application\/ld+json\" class=\"yoast-schema-graph\">{\"@context\":\"https:\\\/\\\/schema.org\",\"@graph\":[{\"@type\":\"WebPage\",\"@id\":\"https:\\\/\\\/trenesparachile2050.cl\\\/inscripcion\\\/\",\"url\":\"https:\\\/\\\/trenesparachile2050.cl\\\/inscripcion\\\/\",\"name\":\"WEBINAR | Trenes para Chile 2050: Desaf\u00edos y oportunidades de una pol\u00edtica ferroviaria nacional\",\"isPartOf\":{\"@id\":\"https:\\\/\\\/trenesparachile2050.cl\\\/#website\"},\"primaryImageOfPage\":{\"@id\":\"https:\\\/\\\/trenesparachile2050.cl\\\/inscripcion\\\/#primaryimage\"},\"image\":{\"@id\":\"https:\\\/\\\/trenesparachile2050.cl\\\/inscripcion\\\/#primaryimage\"},\"thumbnailUrl\":\"https:\\\/\\\/trenesparachile2050.cl\\\/wp-content\\\/uploads\\\/2026\\\/04\\\/webinas-trenes.png\",\"datePublished\":\"2026-04-29T22:17:17+00:00\",\"dateModified\":\"2026-04-29T22:24:47+00:00\",\"description\":\"Este evento tiene como objetivo generar un di\u00e1logo sobre c\u00f3mo el ferrocarril puede transformar la movilidad, la log\u00edstica, la sostenibilidad y el desarrollo en Chile para el 2050.\",\"breadcrumb\":{\"@id\":\"https:\\\/\\\/trenesparachile2050.cl\\\/inscripcion\\\/#breadcrumb\"},\"inLanguage\":\"en-US\",\"potentialAction\":[{\"@type\":\"ReadAction\",\"target\":[\"https:\\\/\\\/trenesparachile2050.cl\\\/inscripcion\\\/\"]}]},{\"@type\":\"ImageObject\",\"inLanguage\":\"en-US\",\"@id\":\"https:\\\/\\\/trenesparachile2050.cl\\\/inscripcion\\\/#primaryimage\",\"url\":\"https:\\\/\\\/trenesparachile2050.cl\\\/wp-content\\\/uploads\\\/2026\\\/04\\\/webinas-trenes.png\",\"contentUrl\":\"https:\\\/\\\/trenesparachile2050.cl\\\/wp-content\\\/uploads\\\/2026\\\/04\\\/webinas-trenes.png\"},{\"@type\":\"BreadcrumbList\",\"@id\":\"https:\\\/\\\/trenesparachile2050.cl\\\/inscripcion\\\/#breadcrumb\",\"itemListElement\":[{\"@type\":\"ListItem\",\"position\":1,\"name\":\"Inicio\",\"item\":\"https:\\\/\\\/trenesparachile2050.cl\\\/\"},{\"@type\":\"ListItem\",\"position\":2,\"name\":\"inscripci\u00f3n\"}]},{\"@type\":\"WebSite\",\"@id\":\"https:\\\/\\\/trenesparachile2050.cl\\\/#website\",\"url\":\"https:\\\/\\\/trenesparachile2050.cl\\\/\",\"name\":\"trenesparachile2050.cl\",\"description\":\"Estrategia para consolidar el ferrocarril como eje clave del transporte y la log\u00edstica en Chile, promoviendo sostenibilidad y desarrollo econ\u00f3mico hacia 2050.\",\"publisher\":{\"@id\":\"https:\\\/\\\/trenesparachile2050.cl\\\/#organization\"},\"potentialAction\":[{\"@type\":\"SearchAction\",\"target\":{\"@type\":\"EntryPoint\",\"urlTemplate\":\"https:\\\/\\\/trenesparachile2050.cl\\\/?s={search_term_string}\"},\"query-input\":{\"@type\":\"PropertyValueSpecification\",\"valueRequired\":true,\"valueName\":\"search_term_string\"}}],\"inLanguage\":\"en-US\"},{\"@type\":\"Organization\",\"@id\":\"https:\\\/\\\/trenesparachile2050.cl\\\/#organization\",\"name\":\"trenesparachile2050.cl\",\"url\":\"https:\\\/\\\/trenesparachile2050.cl\\\/\",\"logo\":{\"@type\":\"ImageObject\",\"inLanguage\":\"en-US\",\"@id\":\"https:\\\/\\\/trenesparachile2050.cl\\\/#\\\/schema\\\/logo\\\/image\\\/\",\"url\":\"https:\\\/\\\/trenesparachile2050.cl\\\/wp-content\\\/uploads\\\/2026\\\/04\\\/treneslogo.png\",\"contentUrl\":\"https:\\\/\\\/trenesparachile2050.cl\\\/wp-content\\\/uploads\\\/2026\\\/04\\\/treneslogo.png\",\"width\":2556,\"height\":1043,\"caption\":\"trenesparachile2050.cl\"},\"image\":{\"@id\":\"https:\\\/\\\/trenesparachile2050.cl\\\/#\\\/schema\\\/logo\\\/image\\\/\"}}]}<\/script>\n<!-- \/ Yoast SEO plugin. -->","yoast_head_json":{"title":"WEBINAR | Trenes para Chile 2050: Desaf\u00edos y oportunidades de una pol\u00edtica ferroviaria nacional","description":"Este evento tiene como objetivo generar un di\u00e1logo sobre c\u00f3mo el ferrocarril puede transformar la movilidad, la log\u00edstica, la sostenibilidad y el desarrollo en Chile para el 2050.","robots":{"index":"index","follow":"follow","max-snippet":"max-snippet:-1","max-image-preview":"max-image-preview:large","max-video-preview":"max-video-preview:-1"},"canonical":"https:\/\/trenesparachile2050.cl\/en\/inscripcion\/","og_locale":"en_US","og_type":"article","og_title":"WEBINAR | Trenes para Chile 2050: Desaf\u00edos y oportunidades de una pol\u00edtica ferroviaria nacional","og_description":"Este evento tiene como objetivo generar un di\u00e1logo sobre c\u00f3mo el ferrocarril puede transformar la movilidad, la log\u00edstica, la sostenibilidad y el desarrollo en Chile para el 2050.","og_url":"https:\/\/trenesparachile2050.cl\/en\/inscripcion\/","og_site_name":"Pol\u00edtica Nacional Ferroviaria de Chile 2050","article_modified_time":"2026-04-29T22:24:47+00:00","og_image":[{"width":512,"height":512,"url":"https:\/\/trenesparachile2050.cl\/wp-content\/uploads\/2026\/04\/cropped-favtrenes.png","type":"image\/png"}],"twitter_card":"summary_large_image","twitter_misc":{"Est. reading time":"1 minute"},"schema":{"@context":"https:\/\/schema.org","@graph":[{"@type":"WebPage","@id":"https:\/\/trenesparachile2050.cl\/inscripcion\/","url":"https:\/\/trenesparachile2050.cl\/inscripcion\/","name":"WEBINAR | Trenes para Chile 2050: Desaf\u00edos y oportunidades de una pol\u00edtica ferroviaria nacional","isPartOf":{"@id":"https:\/\/trenesparachile2050.cl\/#website"},"primaryImageOfPage":{"@id":"https:\/\/trenesparachile2050.cl\/inscripcion\/#primaryimage"},"image":{"@id":"https:\/\/trenesparachile2050.cl\/inscripcion\/#primaryimage"},"thumbnailUrl":"https:\/\/trenesparachile2050.cl\/wp-content\/uploads\/2026\/04\/webinas-trenes.png","datePublished":"2026-04-29T22:17:17+00:00","dateModified":"2026-04-29T22:24:47+00:00","description":"Este evento tiene como objetivo generar un di\u00e1logo sobre c\u00f3mo el ferrocarril puede transformar la movilidad, la log\u00edstica, la sostenibilidad y el desarrollo en Chile para el 2050.","breadcrumb":{"@id":"https:\/\/trenesparachile2050.cl\/inscripcion\/#breadcrumb"},"inLanguage":"en-US","potentialAction":[{"@type":"ReadAction","target":["https:\/\/trenesparachile2050.cl\/inscripcion\/"]}]},{"@type":"ImageObject","inLanguage":"en-US","@id":"https:\/\/trenesparachile2050.cl\/inscripcion\/#primaryimage","url":"https:\/\/trenesparachile2050.cl\/wp-content\/uploads\/2026\/04\/webinas-trenes.png","contentUrl":"https:\/\/trenesparachile2050.cl\/wp-content\/uploads\/2026\/04\/webinas-trenes.png"},{"@type":"BreadcrumbList","@id":"https:\/\/trenesparachile2050.cl\/inscripcion\/#breadcrumb","itemListElement":[{"@type":"ListItem","position":1,"name":"Inicio","item":"https:\/\/trenesparachile2050.cl\/"},{"@type":"ListItem","position":2,"name":"inscripci\u00f3n"}]},{"@type":"WebSite","@id":"https:\/\/trenesparachile2050.cl\/#website","url":"https:\/\/trenesparachile2050.cl\/","name":"trenesparachile2050.cl","description":"Estrategia para consolidar el ferrocarril como eje clave del transporte y la log\u00edstica en Chile, promoviendo sostenibilidad y desarrollo econ\u00f3mico hacia 2050.","publisher":{"@id":"https:\/\/trenesparachile2050.cl\/#organization"},"potentialAction":[{"@type":"SearchAction","target":{"@type":"EntryPoint","urlTemplate":"https:\/\/trenesparachile2050.cl\/?s={search_term_string}"},"query-input":{"@type":"PropertyValueSpecification","valueRequired":true,"valueName":"search_term_string"}}],"inLanguage":"en-US"},{"@type":"Organization","@id":"https:\/\/trenesparachile2050.cl\/#organization","name":"trenesparachile2050.cl","url":"https:\/\/trenesparachile2050.cl\/","logo":{"@type":"ImageObject","inLanguage":"en-US","@id":"https:\/\/trenesparachile2050.cl\/#\/schema\/logo\/image\/","url":"https:\/\/trenesparachile2050.cl\/wp-content\/uploads\/2026\/04\/treneslogo.png","contentUrl":"https:\/\/trenesparachile2050.cl\/wp-content\/uploads\/2026\/04\/treneslogo.png","width":2556,"height":1043,"caption":"trenesparachile2050.cl"},"image":{"@id":"https:\/\/trenesparachile2050.cl\/#\/schema\/logo\/image\/"}}]}},"_links":{"self":[{"href":"https:\/\/trenesparachile2050.cl\/en\/wp-json\/wp\/v2\/pages\/1759","targetHints":{"allow":["GET"]}}],"collection":[{"href":"https:\/\/trenesparachile2050.cl\/en\/wp-json\/wp\/v2\/pages"}],"about":[{"href":"https:\/\/trenesparachile2050.cl\/en\/wp-json\/wp\/v2\/types\/page"}],"author":[{"embeddable":true,"href":"https:\/\/trenesparachile2050.cl\/en\/wp-json\/wp\/v2\/users\/1"}],"replies":[{"embeddable":true,"href":"https:\/\/trenesparachile2050.cl\/en\/wp-json\/wp\/v2\/comments?post=1759"}],"version-history":[{"count":13,"href":"https:\/\/trenesparachile2050.cl\/en\/wp-json\/wp\/v2\/pages\/1759\/revisions"}],"predecessor-version":[{"id":1776,"href":"https:\/\/trenesparachile2050.cl\/en\/wp-json\/wp\/v2\/pages\/1759\/revisions\/1776"}],"wp:attachment":[{"href":"https:\/\/trenesparachile2050.cl\/en\/wp-json\/wp\/v2\/media?parent=1759"}],"curies":[{"name":"wp","href":"https:\/\/api.w.org\/{rel}","templated":true}]}}