{"id":1599,"date":"2026-04-26T20:06:10","date_gmt":"2026-04-27T00:06:10","guid":{"rendered":"https:\/\/trenesparachile2050.cl\/?page_id=1599"},"modified":"2026-04-27T15:59:28","modified_gmt":"2026-04-27T19:59:28","slug":"alta-velocidad-en-chile-al-2050","status":"publish","type":"page","link":"https:\/\/trenesparachile2050.cl\/en\/alta-velocidad-en-chile-al-2050\/","title":{"rendered":"High-speed rail in Chile by 2050?"},"content":{"rendered":"<div data-elementor-type=\"wp-page\" data-elementor-id=\"1599\" class=\"elementor elementor-1599\" data-elementor-post-type=\"page\">\n\t\t\t\t<div class=\"elementor-element elementor-element-980a846 e-con-full e-flex e-con e-parent\" data-id=\"980a846\" data-element_type=\"container\" data-e-type=\"container\">\n\t\t\t\t<div class=\"elementor-element elementor-element-70fbe64b elementor-widget elementor-widget-text-editor\" data-id=\"70fbe64b\" data-element_type=\"widget\" data-e-type=\"widget\" data-widget_type=\"text-editor.default\">\n\t\t\t\t\t\t\t\t\t<div class=\"av-rieles\" aria-hidden=\"true\"><div class=\"av-traviesas\">\u00a0<\/div><\/div><div class=\"av-page\"><p><!-- \u2550\u2550 HERO \u2550\u2550 --><\/p><header class=\"av-hero\"><div class=\"av-deco-izq\">\u00a0<\/div><div class=\"av-deco-tr\">\u00a0<\/div><div class=\"av-deco-br\">\u00a0<\/div><div class=\"av-linea-bot\">\u00a0<\/div><p><!-- Hero foto fondo: img9 \u2014 Shinkansen siendo reparado, potente y moderno --><\/p><div class=\"av-hero-foto\"><img decoding=\"async\" src=\"https:\/\/trenesparachile2050.cl\/wp-content\/uploads\/2026\/04\/img9.png\" alt=\"Trabajadores reparan el Shinkansen Tohoku tras terremoto de magnitud 9.0, Jap\u00f3n 2022\" \/><\/div><div class=\"av-hero-cont\"><div class=\"av-etiqueta\">Trains for Chile 2050 \u00b7 \u200b\u200bRailway<\/div><h1>High speed<br \/>in Chile <em>al 2050?<\/em><\/h1><p class=\"av-hero-desc\">Rail can and should be the preferred mode of transport for competing with airplanes and cars over medium distances. The Valpara\u00edso\u2013Santiago\u2013Concepci\u00f3n corridor accounts for 75% of the population and 65% of the national GDP: the opportunity is there.<\/p><div class=\"av-hero-meta\"><div><strong>~600 km<\/strong><br \/>Valpo\u2013Stgo\u2013Conce Corridor<\/div><div class=\"av-meta-sep\">\u00a0<\/div><div><strong>75% of the population<\/strong><br \/>Six connected regions<\/div><div class=\"av-meta-sep\">\u00a0<\/div><div><strong>65% of GDP<\/strong><br \/>The country's economic hub<\/div><\/div><\/div><\/header><p><!-- \u2550\u2550 1. EL TREN COMPITE CON EL AVI\u00d3N \u2550\u2550 --><\/p><section class=\"av-sec av-sec-fondo\"><div class=\"av-label\">Modal partitioning by distance<\/div><h2>The train wins when<br \/><em>The journey takes less than 4 hours<\/em><\/h2><p class=\"av-intro\">Rail can and should be the preferred mode of transport to compete effectively with air and road, especially for distances where travel times range from one and a half to four hours. Decades of experience in Europe and Asia, where rail has steadily gained modal share, demonstrate this.<\/p><p><!-- img1: Gr\u00e1fico partici\u00f3n modal Car\/HS Train\/Plane --><\/p><div class=\"av-img-full av-fade\"><img decoding=\"async\" src=\"https:\/\/trenesparachile2050.cl\/wp-content\/uploads\/2026\/04\/img1.png\" alt=\"Gr\u00e1fico de partici\u00f3n modal entre autom\u00f3vil, tren de alta velocidad y avi\u00f3n seg\u00fan distancia del viaje\" \/><\/div><p class=\"av-credito-pie\">Methodology for determining the optimal design speed on a high-speed line. Source: Spanish Railways Foundation, Ignacio Gonz\u00e1lez Franco, 2017.<\/p><div class=\"av-dest av-fade\" style=\"margin-top: 2rem;\">In France, the TGV has a higher modal share than air travel for journeys under four hours. Mobility and sustainable development challenges are prompting a reassessment of the role of each mode: trains for journeys of 1.5 to 4 hours, air travel for very long distances, and cars for short distances. <strong>The modes complement each other, they do not replace each other.<\/strong><\/div><\/section><p><!-- \u2550\u2550 2. BENEFICIOS DE LA ALTA VELOCIDAD \u2550\u2550 --><\/p><section class=\"av-sec av-sec-blanco\"><div class=\"av-label\">Why opt for high speed?<\/div><h2>The benefits of<br \/><em>a high-standard broker<\/em><\/h2><p class=\"av-intro\">Beyond travel time, high-speed systems generate economic, territorial and environmental transformations that impact the whole of society.<\/p><div class=\"av-beneficios av-fade\"><div class=\"av-ben\"><div class=\"av-ben-num\">01<\/div><h3>Reduced travel times<\/h3><p>The most direct benefit for passengers is that travelers can get on and off the train in city centers very quickly, without the additional time involved in airports or check-in procedures. Travel time is door-to-door, not just airport-to-airport.<\/p><\/div><div class=\"av-ben\"><div class=\"av-ben-num\">02<\/div><h3>Boost to economic growth<\/h3><p>The Spanish high-speed rail program reached investments of 0.9% of GDP in 2005, generating a demand effect during construction of around 1.6% of GDP. Due to increased productivity following the opening of the new lines, the overall effect on Spanish GDP reached a sum of <strong>2,5%<\/strong>.<\/p><\/div><div class=\"av-ben\"><div class=\"av-ben-num\">03<\/div><h3>Integrated regional development<\/h3><p>The new high-speed rail connections have integrated remote and impoverished regions into the economy. TGV stations in Lille, Lyon, and Le Mans became veritable business hubs, literally transforming towns and cities: housing, commerce, activity, employment in the service sector, and real estate development.<\/p><\/div><div class=\"av-ben\"><div class=\"av-ben-num\">04<\/div><h3>Stations as meeting points<\/h3><p>Railway stations are true meeting points for people, not just passengers. Many countries develop them to make train travel more attractive and to strengthen their role in the city, facilitating a wide range of services. The station is as important as the line itself.<\/p><\/div><div class=\"av-ben\"><div class=\"av-ben-num\">05<\/div><h3>Environmental benefits<\/h3><p>On a 500 km journey, high-speed trains generate <strong>7 g of CO\u2082<\/strong> per passenger-km. Buses produce 17g, cars 47g, and airplanes 66g. Taking the train between London and Paris instead of flying reduces emissions by a <strong>90%<\/strong>With renewable energy, emissions decrease even further.<\/p><\/div><div class=\"av-ben\"><div class=\"av-ben-num\">06<\/div><h3>The train as a flagship symbol<\/h3><p>The French TGV has become a cornerstone of SNCF and has significantly displaced air transport on the corresponding routes. This quantum leap is the result of a long-term vision, substantial financial and technical risks, and the design of an integrated system from the outset, with dedicated infrastructure and special trains.<\/p><\/div><\/div><\/section><p><!-- \u2550\u2550 3. EL CORREDOR CHILE \u2550\u2550 --><\/p><section class=\"av-sec av-sec-fondo\"><div class=\"av-label\">The opportunity for Chile<\/div><h2>The central corridor:<br \/><em>Valpara\u00edso\u2013Santiago\u2013Concepci\u00f3n<\/em><\/h2><p class=\"av-intro\">Chile has the opportunity to materialize a first railway corridor with a new standard of approximately 600 km between Valpara\u00edso, Santiago and Concepci\u00f3n, where today more than 75% of the country's population and more than 65% of the national GDP are concentrated.<\/p><p><!-- img2: Mapa corredor con ciudades e \u00edconos --><\/p><div class=\"av-img-full av-fade\"><img decoding=\"async\" src=\"https:\/\/trenesparachile2050.cl\/wp-content\/uploads\/2026\/04\/img2.png\" alt=\"Mapa del corredor ferroviario central Chile: Valpara\u00edso-Vi\u00f1a del Mar, Santiago, Rancagua, Talca, Chill\u00e1n, Concepci\u00f3n-Talcahuano con \u00edconos de servicios y actividades productivas\" \/><\/div><p class=\"av-credito-pie\">Scope of a mixed-use central rail corridor between Valpara\u00edso, Santiago, Rancagua, Talca, Chill\u00e1n, and Concepci\u00f3n. Source: Prepared by the author, Fabi\u00e1n Figueroa.<\/p><div class=\"av-2col av-fade\" style=\"margin-top: 2.5rem;\"><div><h3>A corridor that connects much more than cities<\/h3><p>This corridor would connect the international airports of Santiago and Concepci\u00f3n, enabling combined services between intercity rail and international travel. For the Valpara\u00edso region, connections to the cruise terminal could also be included.<\/p><p>Connecting at least six regions ensures connectivity between: schools, colleges and higher education centers, military training schools, sports centers and stadiums, museums and cultural centers, tourist destinations (beaches, vineyards, volcanoes, parks), offices and business headquarters, ports, airports and logistics centers.<\/p><\/div><div><h3>Mixed or segregated traffic: the options<\/h3><p>The coexistence or segregation of freight and passenger train traffic must be determined based on railway operation studies at the various engineering stages. Possible scenarios include:<\/p><p><strong>Total coexistence<\/strong> (mixed traffic), with overtaking and parking lanes.<\/p><p><strong>Partial coexistence<\/strong>, with temporary restrictions on the use of certain roads or through dedicated bypasses around certain cities.<\/p><p><strong>Segregated trafficking<\/strong>, with tracks dedicated only to passengers or only to freight, on the same route or on different routes \u2014 the most expensive but also the most beneficial for each level of service.<\/p><\/div><\/div><div class=\"av-stats av-fade\"><div class=\"av-stat\"><div class=\"av-stat-num\">30%<\/div><div class=\"av-stat-unit\">Minimal modal partitioning<\/div><div class=\"av-stat-desc\">Target for intercity services in the corridor (similar to the northeastern US corridor, Boston\u2013Washington)<\/div><\/div><div class=\"av-stat\"><div class=\"av-stat-num\">50%<\/div><div class=\"av-stat-unit\">Desirable objective<\/div><div class=\"av-stat-desc\">Similar to Germany (Berlin\u2013Munich ~580 km) and Italy (Milan\u2013Rome ~570 km)<\/div><\/div><div class=\"av-stat\"><div class=\"av-stat-num\">75%<\/div><div class=\"av-stat-unit\">Reference Spain<\/div><div class=\"av-stat-desc\">Madrid\u2013Barcelona (~620 km). Japan exceeds 80% in Tokyo\u2013Osaka (~515 km)<\/div><\/div><div class=\"av-stat\"><div class=\"av-stat-num\">+200<\/div><div class=\"av-stat-unit\">objective km\/h<\/div><div class=\"av-stat-desc\">New standard for highly competitive intercity services in Chile<\/div><\/div><\/div><\/section><p><!-- \u2550\u2550 4. FLECHA DEL SUR \u2014 REFERENCIA HIST\u00d3RICA \u2550\u2550 --><\/p><section class=\"av-sec av-sec-blanco\"><div class=\"av-label\">Chile was already a railway pioneer<\/div><h2>The \"Arrow of the South\":<br \/><em>130 km\/h in 1940<\/em><\/h2><div class=\"av-2col av-fade\"><p><!-- img3: Publicidad Flecha del Sur + foto AM-103 + cat\u00e1logo MAN --><\/p><div><div class=\"av-img-wrap alto\"><img decoding=\"async\" src=\"https:\/\/trenesparachile2050.cl\/wp-content\/uploads\/2026\/04\/img3.png\" alt=\"Publicidad del Flecha del Sur de Ferrocarriles del Estado Chile, foto del automotor AM-103 y cat\u00e1logo MAN de tres coches di\u00e9sel-el\u00e9ctrico, 1940\" \/><\/div><p class=\"av-credito-pie\">Left: Advertisement for \"Flecha del Sur\" (Southern Arrow), En Viaje Magazine, State Railway Company, 1941. Above: Flecha del Sur railcar on the Mapocho River, oil on canvas, Eduardo Garc\u00e9s. Below: Catalog of a three-car diesel railcar, MAN AG<\/p><\/div><div><h3>One of America's first high-speed trains<\/h3><p>In 1937, the then General Directorate of State Railways seriously considered the need to purchase modern equipment for passenger transport, on the grounds that the incorporation of the new \"Flecha\" trains would provide travelers with comfort and speed, essential conditions for the success of tourism.<\/p><p>The first trains ordered arrived in 1940 and reached speeds of up to <strong>130 km\/h<\/strong>This allowed a trip to Temuco to take 9 hours and to Osorno 13 hours, thus making the \"Flecha del Sur\" one of the first fast trains in America, placing Chile at the forefront of world railways at the time.<\/p><div class=\"av-cita\" style=\"margin-top: 1.5rem;\"><p>\"Seated comfortably as the Arrow of the South takes you at top speed to your destination, you will feel right at home: comfortable, safe and well taken care of.\"<\/p><p><span style=\"font-size: 12px; font-style: normal; opacity: .7;\">\u2014 State Railways Advertisement, 1941<\/span><\/p><\/div><p>Developing a new high-speed rail system doesn't happen in a couple of years; it's a long process. The United States has taken more than five decades since its first trials with European trains in the 1990s (the Swedish X-2000 and the German ICE). Experience shows that high-speed rail implementation depends not only on rail technology but also on decades of regulatory adjustments, institutional coordination, and adaptation to the existing infrastructure.<\/p><p>Chile has the opportunity today to begin that process with a long-term vision, learning from international experience and taking advantage of existing infrastructure as a starting point.<\/p><\/div><\/div><div class=\"av-dest av-dest-rojo av-fade\"><strong>The key lies in integration:<\/strong> The high-standard corridor must be integrated into a larger network, comprised of rail services (urban, suburban, regional, intercity, freight) and other modes of public and private transport. It is not an isolated project: it is the backbone of a system.<\/div><\/section><p><!-- \u2550\u2550 CIERRE \u2550\u2550 --><\/p><div class=\"av-cierre\"><div class=\"av-cierre-txt\"><h2>Support the future<br \/>Chilean railway<\/h2><p>Sign the National Railway Policy and join the initiative that seeks to transform the country's mobility and logistics by 2050.<\/p><\/div><div class=\"ov-cierre-bts\"><a class=\"av-btn-prim\" href=\"https:\/\/trenesparachile2050.cl\/en\/#pdf-section\"><br \/>Sign the initiative<br \/><\/a><br \/><a class=\"av-btn-prim\" href=\"https:\/\/trenesparachile2050.cl\/en\/por-que-mas-ferrocarril-para-chile\/\"><br \/>Why more railways?<br \/><\/a><br \/><a class=\"av-btn-sec\" href=\"https:\/\/trenesparachile2050.cl\/en\/contacto\/\"><br \/>Contact us<br \/><\/a><\/div><\/div><\/div><p><!-- \/av-page --><\/p><p><script>\n(function(){\n  var els = document.querySelectorAll('.av-fade');\n  if (!els.length) return;\n  var obs = new IntersectionObserver(function(entries){\n    entries.forEach(function(e){\n      if (e.isIntersecting){\n        e.target.classList.add('visible');\n        obs.unobserve(e.target);\n      }\n    });\n  }, { threshold: 0.07 });\n  els.forEach(function(el){ obs.observe(el); });\n})();\n<\/script><\/p>\t\t\t\t\t\t\t\t<\/div>\n\t\t\t\t<\/div>\n\t\t\t\t<\/div>","protected":false},"excerpt":{"rendered":"<p>\u00a0 \u00a0\u00a0\u00a0\u00a0 Trenes para Chile 2050 \u00b7 Ferrocarril \u00bfAlta velocidaden Chile al 2050? El ferrocarril puede y debe ser el modo de referencia para competir con el avi\u00f3n y el autom\u00f3vil en distancias medias. El corredor Valpara\u00edso\u2013Santiago\u2013Concepci\u00f3n concentra el 75% de la poblaci\u00f3n y el 65% del PIB nacional: la oportunidad est\u00e1 ah\u00ed. ~600 kmCorredor [&hellip;]<\/p>\n","protected":false},"author":1,"featured_media":0,"parent":0,"menu_order":0,"comment_status":"closed","ping_status":"closed","template":"elementor_header_footer","meta":{"footnotes":""},"class_list":["post-1599","page","type-page","status-publish","hentry"],"yoast_head":"<!-- This site is optimized with the Yoast SEO plugin v27.5 - https:\/\/yoast.com\/product\/yoast-seo-wordpress\/ -->\n<title>\u00bfAlta velocidad en Chile al 2050? - Pol\u00edtica Nacional Ferroviaria de Chile 2050<\/title>\n<meta name=\"robots\" content=\"index, follow, max-snippet:-1, max-image-preview:large, max-video-preview:-1\" \/>\n<link rel=\"canonical\" href=\"https:\/\/trenesparachile2050.cl\/en\/alta-velocidad-en-chile-al-2050\/\" \/>\n<meta property=\"og:locale\" content=\"en_US\" \/>\n<meta property=\"og:type\" content=\"article\" \/>\n<meta property=\"og:title\" content=\"\u00bfAlta velocidad en Chile al 2050? - Pol\u00edtica Nacional Ferroviaria de Chile 2050\" \/>\n<meta property=\"og:description\" content=\"\u00a0 \u00a0\u00a0\u00a0\u00a0 Trenes para Chile 2050 \u00b7 Ferrocarril \u00bfAlta velocidaden Chile al 2050? El ferrocarril puede y debe ser el modo de referencia para competir con el avi\u00f3n y el autom\u00f3vil en distancias medias. El corredor Valpara\u00edso\u2013Santiago\u2013Concepci\u00f3n concentra el 75% de la poblaci\u00f3n y el 65% del PIB nacional: la oportunidad est\u00e1 ah\u00ed. ~600 kmCorredor [&hellip;]\" \/>\n<meta property=\"og:url\" content=\"https:\/\/trenesparachile2050.cl\/en\/alta-velocidad-en-chile-al-2050\/\" \/>\n<meta property=\"og:site_name\" content=\"Pol\u00edtica Nacional Ferroviaria de Chile 2050\" \/>\n<meta property=\"article:modified_time\" content=\"2026-04-27T19:59:28+00:00\" \/>\n<meta property=\"og:image\" content=\"https:\/\/trenesparachile2050.cl\/wp-content\/uploads\/2026\/04\/img9.png\" \/>\n<meta name=\"twitter:card\" content=\"summary_large_image\" \/>\n<meta name=\"twitter:label1\" content=\"Est. reading time\" \/>\n\t<meta name=\"twitter:data1\" content=\"7 minutes\" \/>\n<script type=\"application\/ld+json\" class=\"yoast-schema-graph\">{\"@context\":\"https:\\\/\\\/schema.org\",\"@graph\":[{\"@type\":\"WebPage\",\"@id\":\"https:\\\/\\\/trenesparachile2050.cl\\\/alta-velocidad-en-chile-al-2050\\\/\",\"url\":\"https:\\\/\\\/trenesparachile2050.cl\\\/alta-velocidad-en-chile-al-2050\\\/\",\"name\":\"\u00bfAlta velocidad en Chile al 2050? - Pol\u00edtica Nacional Ferroviaria de Chile 2050\",\"isPartOf\":{\"@id\":\"https:\\\/\\\/trenesparachile2050.cl\\\/#website\"},\"primaryImageOfPage\":{\"@id\":\"https:\\\/\\\/trenesparachile2050.cl\\\/alta-velocidad-en-chile-al-2050\\\/#primaryimage\"},\"image\":{\"@id\":\"https:\\\/\\\/trenesparachile2050.cl\\\/alta-velocidad-en-chile-al-2050\\\/#primaryimage\"},\"thumbnailUrl\":\"https:\\\/\\\/trenesparachile2050.cl\\\/wp-content\\\/uploads\\\/2026\\\/04\\\/img9.png\",\"datePublished\":\"2026-04-27T00:06:10+00:00\",\"dateModified\":\"2026-04-27T19:59:28+00:00\",\"breadcrumb\":{\"@id\":\"https:\\\/\\\/trenesparachile2050.cl\\\/alta-velocidad-en-chile-al-2050\\\/#breadcrumb\"},\"inLanguage\":\"en-US\",\"potentialAction\":[{\"@type\":\"ReadAction\",\"target\":[\"https:\\\/\\\/trenesparachile2050.cl\\\/alta-velocidad-en-chile-al-2050\\\/\"]}]},{\"@type\":\"ImageObject\",\"inLanguage\":\"en-US\",\"@id\":\"https:\\\/\\\/trenesparachile2050.cl\\\/alta-velocidad-en-chile-al-2050\\\/#primaryimage\",\"url\":\"https:\\\/\\\/trenesparachile2050.cl\\\/wp-content\\\/uploads\\\/2026\\\/04\\\/img9.png\",\"contentUrl\":\"https:\\\/\\\/trenesparachile2050.cl\\\/wp-content\\\/uploads\\\/2026\\\/04\\\/img9.png\"},{\"@type\":\"BreadcrumbList\",\"@id\":\"https:\\\/\\\/trenesparachile2050.cl\\\/alta-velocidad-en-chile-al-2050\\\/#breadcrumb\",\"itemListElement\":[{\"@type\":\"ListItem\",\"position\":1,\"name\":\"Inicio\",\"item\":\"https:\\\/\\\/trenesparachile2050.cl\\\/\"},{\"@type\":\"ListItem\",\"position\":2,\"name\":\"\u00bfAlta velocidad en Chile al 2050?\"}]},{\"@type\":\"WebSite\",\"@id\":\"https:\\\/\\\/trenesparachile2050.cl\\\/#website\",\"url\":\"https:\\\/\\\/trenesparachile2050.cl\\\/\",\"name\":\"trenesparachile2050.cl\",\"description\":\"Estrategia para consolidar el ferrocarril como eje clave del transporte y la log\u00edstica en Chile, promoviendo sostenibilidad y desarrollo econ\u00f3mico hacia 2050.\",\"publisher\":{\"@id\":\"https:\\\/\\\/trenesparachile2050.cl\\\/#organization\"},\"potentialAction\":[{\"@type\":\"SearchAction\",\"target\":{\"@type\":\"EntryPoint\",\"urlTemplate\":\"https:\\\/\\\/trenesparachile2050.cl\\\/?s={search_term_string}\"},\"query-input\":{\"@type\":\"PropertyValueSpecification\",\"valueRequired\":true,\"valueName\":\"search_term_string\"}}],\"inLanguage\":\"en-US\"},{\"@type\":\"Organization\",\"@id\":\"https:\\\/\\\/trenesparachile2050.cl\\\/#organization\",\"name\":\"trenesparachile2050.cl\",\"url\":\"https:\\\/\\\/trenesparachile2050.cl\\\/\",\"logo\":{\"@type\":\"ImageObject\",\"inLanguage\":\"en-US\",\"@id\":\"https:\\\/\\\/trenesparachile2050.cl\\\/#\\\/schema\\\/logo\\\/image\\\/\",\"url\":\"https:\\\/\\\/trenesparachile2050.cl\\\/wp-content\\\/uploads\\\/2026\\\/04\\\/treneslogo.png\",\"contentUrl\":\"https:\\\/\\\/trenesparachile2050.cl\\\/wp-content\\\/uploads\\\/2026\\\/04\\\/treneslogo.png\",\"width\":2556,\"height\":1043,\"caption\":\"trenesparachile2050.cl\"},\"image\":{\"@id\":\"https:\\\/\\\/trenesparachile2050.cl\\\/#\\\/schema\\\/logo\\\/image\\\/\"}}]}<\/script>\n<!-- \/ Yoast SEO plugin. -->","yoast_head_json":{"title":"\u00bfAlta velocidad en Chile al 2050? - Pol\u00edtica Nacional Ferroviaria de Chile 2050","robots":{"index":"index","follow":"follow","max-snippet":"max-snippet:-1","max-image-preview":"max-image-preview:large","max-video-preview":"max-video-preview:-1"},"canonical":"https:\/\/trenesparachile2050.cl\/en\/alta-velocidad-en-chile-al-2050\/","og_locale":"en_US","og_type":"article","og_title":"\u00bfAlta velocidad en Chile al 2050? - Pol\u00edtica Nacional Ferroviaria de Chile 2050","og_description":"\u00a0 \u00a0\u00a0\u00a0\u00a0 Trenes para Chile 2050 \u00b7 Ferrocarril \u00bfAlta velocidaden Chile al 2050? El ferrocarril puede y debe ser el modo de referencia para competir con el avi\u00f3n y el autom\u00f3vil en distancias medias. El corredor Valpara\u00edso\u2013Santiago\u2013Concepci\u00f3n concentra el 75% de la poblaci\u00f3n y el 65% del PIB nacional: la oportunidad est\u00e1 ah\u00ed. ~600 kmCorredor [&hellip;]","og_url":"https:\/\/trenesparachile2050.cl\/en\/alta-velocidad-en-chile-al-2050\/","og_site_name":"Pol\u00edtica Nacional Ferroviaria de Chile 2050","article_modified_time":"2026-04-27T19:59:28+00:00","og_image":[{"url":"https:\/\/trenesparachile2050.cl\/wp-content\/uploads\/2026\/04\/img9.png","type":"","width":"","height":""}],"twitter_card":"summary_large_image","twitter_misc":{"Est. reading time":"7 minutes"},"schema":{"@context":"https:\/\/schema.org","@graph":[{"@type":"WebPage","@id":"https:\/\/trenesparachile2050.cl\/alta-velocidad-en-chile-al-2050\/","url":"https:\/\/trenesparachile2050.cl\/alta-velocidad-en-chile-al-2050\/","name":"\u00bfAlta velocidad en Chile al 2050? - Pol\u00edtica Nacional Ferroviaria de Chile 2050","isPartOf":{"@id":"https:\/\/trenesparachile2050.cl\/#website"},"primaryImageOfPage":{"@id":"https:\/\/trenesparachile2050.cl\/alta-velocidad-en-chile-al-2050\/#primaryimage"},"image":{"@id":"https:\/\/trenesparachile2050.cl\/alta-velocidad-en-chile-al-2050\/#primaryimage"},"thumbnailUrl":"https:\/\/trenesparachile2050.cl\/wp-content\/uploads\/2026\/04\/img9.png","datePublished":"2026-04-27T00:06:10+00:00","dateModified":"2026-04-27T19:59:28+00:00","breadcrumb":{"@id":"https:\/\/trenesparachile2050.cl\/alta-velocidad-en-chile-al-2050\/#breadcrumb"},"inLanguage":"en-US","potentialAction":[{"@type":"ReadAction","target":["https:\/\/trenesparachile2050.cl\/alta-velocidad-en-chile-al-2050\/"]}]},{"@type":"ImageObject","inLanguage":"en-US","@id":"https:\/\/trenesparachile2050.cl\/alta-velocidad-en-chile-al-2050\/#primaryimage","url":"https:\/\/trenesparachile2050.cl\/wp-content\/uploads\/2026\/04\/img9.png","contentUrl":"https:\/\/trenesparachile2050.cl\/wp-content\/uploads\/2026\/04\/img9.png"},{"@type":"BreadcrumbList","@id":"https:\/\/trenesparachile2050.cl\/alta-velocidad-en-chile-al-2050\/#breadcrumb","itemListElement":[{"@type":"ListItem","position":1,"name":"Inicio","item":"https:\/\/trenesparachile2050.cl\/"},{"@type":"ListItem","position":2,"name":"\u00bfAlta velocidad en Chile al 2050?"}]},{"@type":"WebSite","@id":"https:\/\/trenesparachile2050.cl\/#website","url":"https:\/\/trenesparachile2050.cl\/","name":"trenesparachile2050.cl","description":"Estrategia para consolidar el ferrocarril como eje clave del transporte y la log\u00edstica en Chile, promoviendo sostenibilidad y desarrollo econ\u00f3mico hacia 2050.","publisher":{"@id":"https:\/\/trenesparachile2050.cl\/#organization"},"potentialAction":[{"@type":"SearchAction","target":{"@type":"EntryPoint","urlTemplate":"https:\/\/trenesparachile2050.cl\/?s={search_term_string}"},"query-input":{"@type":"PropertyValueSpecification","valueRequired":true,"valueName":"search_term_string"}}],"inLanguage":"en-US"},{"@type":"Organization","@id":"https:\/\/trenesparachile2050.cl\/#organization","name":"trenesparachile2050.cl","url":"https:\/\/trenesparachile2050.cl\/","logo":{"@type":"ImageObject","inLanguage":"en-US","@id":"https:\/\/trenesparachile2050.cl\/#\/schema\/logo\/image\/","url":"https:\/\/trenesparachile2050.cl\/wp-content\/uploads\/2026\/04\/treneslogo.png","contentUrl":"https:\/\/trenesparachile2050.cl\/wp-content\/uploads\/2026\/04\/treneslogo.png","width":2556,"height":1043,"caption":"trenesparachile2050.cl"},"image":{"@id":"https:\/\/trenesparachile2050.cl\/#\/schema\/logo\/image\/"}}]}},"_links":{"self":[{"href":"https:\/\/trenesparachile2050.cl\/en\/wp-json\/wp\/v2\/pages\/1599","targetHints":{"allow":["GET"]}}],"collection":[{"href":"https:\/\/trenesparachile2050.cl\/en\/wp-json\/wp\/v2\/pages"}],"about":[{"href":"https:\/\/trenesparachile2050.cl\/en\/wp-json\/wp\/v2\/types\/page"}],"author":[{"embeddable":true,"href":"https:\/\/trenesparachile2050.cl\/en\/wp-json\/wp\/v2\/users\/1"}],"replies":[{"embeddable":true,"href":"https:\/\/trenesparachile2050.cl\/en\/wp-json\/wp\/v2\/comments?post=1599"}],"version-history":[{"count":21,"href":"https:\/\/trenesparachile2050.cl\/en\/wp-json\/wp\/v2\/pages\/1599\/revisions"}],"predecessor-version":[{"id":1701,"href":"https:\/\/trenesparachile2050.cl\/en\/wp-json\/wp\/v2\/pages\/1599\/revisions\/1701"}],"wp:attachment":[{"href":"https:\/\/trenesparachile2050.cl\/en\/wp-json\/wp\/v2\/media?parent=1599"}],"curies":[{"name":"wp","href":"https:\/\/api.w.org\/{rel}","templated":true}]}}