{"id":1582,"date":"2026-04-26T14:39:07","date_gmt":"2026-04-26T18:39:07","guid":{"rendered":"https:\/\/trenesparachile2050.cl\/?page_id=1582"},"modified":"2026-04-27T17:02:22","modified_gmt":"2026-04-27T21:02:22","slug":"por-que-mas-ferrocarril-para-chile","status":"publish","type":"page","link":"https:\/\/trenesparachile2050.cl\/en\/por-que-mas-ferrocarril-para-chile\/","title":{"rendered":"Why more railways for Chile?"},"content":{"rendered":"<div data-elementor-type=\"wp-page\" data-elementor-id=\"1582\" class=\"elementor elementor-1582\" data-elementor-post-type=\"page\">\n\t\t\t\t<div class=\"elementor-element elementor-element-2a9b2971 e-con-full e-flex e-con e-parent\" data-id=\"2a9b2971\" data-element_type=\"container\" data-e-type=\"container\">\n\t\t\t\t<div class=\"elementor-element elementor-element-6e623195 elementor-widget elementor-widget-text-editor\" data-id=\"6e623195\" data-element_type=\"widget\" data-e-type=\"widget\" data-widget_type=\"text-editor.default\">\n\t\t\t\t\t\t\t\t\t<div class=\"pqf-rieles\" aria-hidden=\"true\"><div class=\"pqf-traviesas\">\u00a0<\/div><\/div><div class=\"pqf-page\"><p><!-- \u2550\u2550 HERO \u2550\u2550 --><\/p><header class=\"pqf-hero\"><div class=\"pqf-deco-izq\">\u00a0<\/div><div class=\"pqf-deco-tr\">\u00a0<\/div><div class=\"pqf-deco-br\">\u00a0<\/div><div class=\"pqf-linea-bot\">\u00a0<\/div><div class=\"pqf-hero-foto\"><img decoding=\"async\" src=\"https:\/\/trenesparachile2050.cl\/wp-content\/uploads\/2026\/04\/1920px-Linea_ferroviaria_Quillota_20231030_02.jpg\" alt=\"V\u00eda f\u00e9rrea del ferrocarril en Quillota, regi\u00f3n de Valpara\u00edso, Chile\" \/><\/div><div class=\"pqf-hero-cont\"><div class=\"pqf-etiqueta\">Trains for Chile 2050 \u00b7 \u200b\u200bRailway<\/div><h1>Because <em>further<\/em><br \/>railway<br \/>for Chile?<\/h1><p class=\"pqf-hero-desc\">Rail is one of the most efficient, safe and sustainable modes for passenger and freight transport, offering important advantages that make it especially valuable for long-term policies.<\/p><div class=\"pqf-hero-meta\"><div><strong>2%<\/strong>of total energy consumption of global transport<\/div><div class=\"pqf-meta-sep\">\u00a0<\/div><div><strong>3-10 times <\/strong>less CO\u2082 than a car or plane<\/div><div class=\"pqf-meta-sep\">\u00a0<\/div><div><strong>4\u20136\u00d7<\/strong>lower external social costs<\/div><\/div><\/div><\/header><p><!-- \u2550\u2550 VENTAJAS \u2550\u2550 --><\/p><section class=\"pqf-seccion pqf-sec-blanco\"><div class=\"pqf-label\">The advantages of the train<\/div><h2>A mode of transport <em>superior<\/em><\/h2><p class=\"pqf-intro\">These factors make the train not only competitive in efficiency and sustainability, but also contribute comprehensively to the economic, social and technological development of the regions that adopt it.<\/p><div class=\"pqf-ventajas pqf-fade\"><div class=\"pqf-ventaja\"><div class=\"pqf-ventaja-ico\">\u00a0<\/div><h3>High capacity<\/h3><p>It moves large volumes of passengers and cargo, reducing the need for multiple trips in smaller vehicles. Less congestion, greater operational efficiency for the entire system.<\/p><p><span class=\"pqf-dato\">3.5x less land use than the car<\/span><\/p><\/div><div class=\"pqf-ventaja\"><div class=\"pqf-ventaja-ico\">\u00a0<\/div><h3>Energy efficiency<\/h3><p>The railway represents approximately <strong>2% of total transport energy consumption<\/strong>Despite handling a significant portion of passengers and cargo, its efficiency is far superior to that of road or air transport.<\/p><p><span class=\"pqf-dato\">Fuente: IEA, The Future of Rail<\/span><\/p><\/div><div class=\"pqf-ventaja\"><div class=\"pqf-ventaja-ico\">\u00a0<\/div><h3>Far fewer emissions<\/h3><p>Traveling by train produces between <strong>3 and 10 times less CO\u2082<\/strong> per passenger-kilometer compared to cars or airplanes. With renewable energy, direct emissions approach zero. It also contributes to reducing air pollution and ecosystem fragmentation.<\/p><p><span class=\"pqf-dato pqf-dato-rojo\">Fuente: UIC Sustainability<\/span><\/p><\/div><div class=\"pqf-ventaja\"><div class=\"pqf-ventaja-ico\">\u00a0<\/div><h3>Much safer<\/h3><p>Segregated rail lines have much lower accident rates than roads. The external social costs are <strong>more than 4\u00d7 minors<\/strong> for passengers and <strong>more than 6x minors<\/strong> for cargo, compared to road transport.<\/p><p><span class=\"pqf-dato pqf-dato-rojo\">4\u20136\u00d7 lower external costs<\/span><\/p><\/div><div class=\"pqf-ventaja\"><div class=\"pqf-ventaja-ico\">\u00a0<\/div><h3>Independent of traffic<\/h3><p>It operates on its own segregated infrastructure, guaranteeing predictable and reliable travel times. This is a key advantage in cities like Santiago, Concepci\u00f3n, and Valpara\u00edso, where traffic congestion is a growing structural problem.<\/p><p><span class=\"pqf-dato\">100% independent of road traffic<\/span><\/p><\/div><div class=\"pqf-ventaja\"><div class=\"pqf-ventaja-ico\">\u00a0<\/div><h3>Engine of territorial development<\/h3><p>It strengthens connectivity between urban centers, intermediate zones, and rural areas. It generates direct and indirect jobs and promotes innovation in advanced signaling, digital logistics, and electrification.<\/p><p><span class=\"pqf-dato\">Direct and indirect jobs<\/span><\/p><\/div><\/div><\/section><p><!-- \u2550\u2550 COMPARATIVA EMISIONES \u2550\u2550 --><\/p><section class=\"pqf-seccion pqf-sec-fondo\"><div class=\"pqf-label\">Specific data<\/div><h2>The train <em>leader<\/em> in sustainability<\/h2><p class=\"pqf-intro\">On a 500 km journey, the differences between modes are enormous. Official SNCF\/UIC data.<\/p><div class=\"pqf-2col pqf-fade\"><p><!-- Foto FEPASA Wikimedia --><\/p><div class=\"pqf-2col-img\"><img decoding=\"async\" src=\"https:\/\/trenesparachile2050.cl\/wp-content\/uploads\/2026\/04\/D-3304_Fepasa_San_Pedro_Quillota_20240223.jpg\" alt=\"Locomotora FEPASA de carga en San Pedro, Quillota, Chile\" \/><br \/><span class=\"pqf-credito\"><br \/><a href=\"https:\/\/commons.wikimedia.org\/wiki\/File:D-3304_Fepasa,_San_Pedro,_Quillota_20240223.jpg\" target=\"_blank\" rel=\"noopener\">Wikimedia Commons<\/a> \u00b7 CC BY-SA<br \/><\/span><\/div><p><!-- Gr\u00e1fico comparativo --><\/p><div class=\"pqf-2col-txt\"><h3>CO\u2082 per passenger-km \u00b7 500 km<\/h3><div class=\"pqf-comp-titulo\">Grams of CO\u2082 per passenger-km<\/div><div class=\"pqf-comp-fila\"><p><span class=\"pqf-comp-modo pqf-comp-modo-dest\">Electric train<\/span><\/p><div class=\"pqf-barra-bg\"><div class=\"pqf-barra pqf-barra-azul\" style=\"width: 11%;\">\u00a0<\/div><\/div><p><span class=\"pqf-comp-val\" style=\"color: var(--tf-azul);\">7 g<\/span><\/p><\/div><div class=\"pqf-comp-fila\"><p><span class=\"pqf-comp-modo\">Bus<\/span><\/p><div class=\"pqf-barra-bg\"><div class=\"pqf-barra\" style=\"width: 26%;\">\u00a0<\/div><\/div><p><span class=\"pqf-comp-val\">17 g<\/span><\/p><\/div><div class=\"pqf-comp-fila\"><p><span class=\"pqf-comp-modo\">Automobile<\/span><\/p><div class=\"pqf-barra-bg\"><div class=\"pqf-barra pqf-barra-rojo\" style=\"width: 71%;\">\u00a0<\/div><\/div><p><span class=\"pqf-comp-val\" style=\"color: var(--tf-rojo);\">47 g<\/span><\/p><\/div><div class=\"pqf-comp-fila\"><p><span class=\"pqf-comp-modo\">Plane<\/span><\/p><div class=\"pqf-barra-bg\"><div class=\"pqf-barra pqf-barra-rojo\" style=\"width: 100%;\">\u00a0<\/div><\/div><p><span class=\"pqf-comp-val\" style=\"color: var(--tf-rojo);\">66 g<\/span><\/p><\/div><p class=\"pqf-fuente\" style=\"margin-top: .85rem;\">Taking the train between London and Paris instead of flying reduces emissions by a <strong>90%<\/strong>Source: SNCF \/ UIC.<\/p><\/div><\/div><div class=\"pqf-dest pqf-fade\"><strong>Land use:<\/strong> A 25m-wide double-track railway corridor carries 8,000 passengers per hour in each direction. The equivalent motorway requires 75m and only moves 7,650 passengers per hour. The train uses less space and moves more people.<\/div><\/section><p><!-- \u2550\u2550 CIERRE \u2550\u2550 --><\/p><div class=\"pqf-cierre\"><div class=\"pqf-cierre-txt\"><h2>Support the future<br \/>Chilean railway<\/h2><p>Sign the National Railway Policy and join the initiative that seeks to transform the country's mobility and logistics by 2050.<\/p><\/div><div class=\"pqf-cierre-bts\"><a class=\"pqf-btn-prim\" href=\"https:\/\/trenesparachile2050.cl\/en\/#pdf-section\"><br \/>Sign the initiative<br \/><\/a><br \/><a class=\"pqf-btn-prim\" href=\"https:\/\/trenesparachile2050.cl\/en\/alta-velocidad-en-chile-al-2050\/\"><br \/>High speed by 2050?<br \/><\/a><br \/><a class=\"pqf-btn-sec\" href=\"https:\/\/trenesparachile2050.cl\/en\/contacto\/\"><br \/>Contact us<br \/><\/a><\/div><\/div><\/div><p><!-- \/pqf-page --><\/p><p><script>\n(function(){\n  var els = document.querySelectorAll('.pqf-fade');\n  if (!els.length) return;\n  var obs = new IntersectionObserver(function(entries){\n    entries.forEach(function(e){\n      if(e.isIntersecting){ e.target.classList.add('visible'); obs.unobserve(e.target); }\n    });\n  },{ threshold: 0.08 });\n  els.forEach(function(el){ obs.observe(el); });\n})();\n<\/script><\/p>\t\t\t\t\t\t\t\t<\/div>\n\t\t\t\t<\/div>\n\t\t\t\t<\/div>","protected":false},"excerpt":{"rendered":"<p>\u00a0 \u00a0\u00a0\u00a0\u00a0Trenes para Chile 2050 \u00b7 Ferrocarril \u00bfPor qu\u00e9 m\u00e1sferrocarrilpara Chile? El ferrocarril es uno de los modos m\u00e1s eficientes, seguros y sostenibles para el transporte de pasajeros y carga, ofreciendo ventajas importantes que lo hacen especialmente valioso para pol\u00edticas de largo plazo. 2%del consumo energ\u00e9tico total del transporte mundial\u00a03 &#8211; 10 veces menos CO\u2082 [&hellip;]<\/p>\n","protected":false},"author":1,"featured_media":0,"parent":0,"menu_order":0,"comment_status":"closed","ping_status":"closed","template":"elementor_header_footer","meta":{"footnotes":""},"class_list":["post-1582","page","type-page","status-publish","hentry"],"yoast_head":"<!-- This site is optimized with the Yoast SEO plugin v27.5 - https:\/\/yoast.com\/product\/yoast-seo-wordpress\/ -->\n<title>\u00bfPor qu\u00e9 m\u00e1s ferrocarril para Chile? - Pol\u00edtica Nacional Ferroviaria de Chile 2050<\/title>\n<meta name=\"robots\" content=\"index, follow, max-snippet:-1, max-image-preview:large, max-video-preview:-1\" \/>\n<link rel=\"canonical\" href=\"https:\/\/trenesparachile2050.cl\/en\/por-que-mas-ferrocarril-para-chile\/\" \/>\n<meta property=\"og:locale\" content=\"en_US\" \/>\n<meta property=\"og:type\" content=\"article\" \/>\n<meta property=\"og:title\" content=\"\u00bfPor qu\u00e9 m\u00e1s ferrocarril para Chile? - Pol\u00edtica Nacional Ferroviaria de Chile 2050\" \/>\n<meta property=\"og:description\" content=\"\u00a0 \u00a0\u00a0\u00a0\u00a0Trenes para Chile 2050 \u00b7 Ferrocarril \u00bfPor qu\u00e9 m\u00e1sferrocarrilpara Chile? El ferrocarril es uno de los modos m\u00e1s eficientes, seguros y sostenibles para el transporte de pasajeros y carga, ofreciendo ventajas importantes que lo hacen especialmente valioso para pol\u00edticas de largo plazo. 2%del consumo energ\u00e9tico total del transporte mundial\u00a03 &#8211; 10 veces menos CO\u2082 [&hellip;]\" \/>\n<meta property=\"og:url\" content=\"https:\/\/trenesparachile2050.cl\/en\/por-que-mas-ferrocarril-para-chile\/\" \/>\n<meta property=\"og:site_name\" content=\"Pol\u00edtica Nacional Ferroviaria de Chile 2050\" \/>\n<meta property=\"article:modified_time\" content=\"2026-04-27T21:02:22+00:00\" \/>\n<meta property=\"og:image\" content=\"https:\/\/trenesparachile2050.cl\/wp-content\/uploads\/2026\/04\/1920px-Linea_ferroviaria_Quillota_20231030_02.jpg\" \/>\n<meta name=\"twitter:card\" content=\"summary_large_image\" \/>\n<meta name=\"twitter:label1\" content=\"Est. reading time\" \/>\n\t<meta name=\"twitter:data1\" content=\"3 minutes\" \/>\n<script type=\"application\/ld+json\" class=\"yoast-schema-graph\">{\"@context\":\"https:\\\/\\\/schema.org\",\"@graph\":[{\"@type\":\"WebPage\",\"@id\":\"https:\\\/\\\/trenesparachile2050.cl\\\/por-que-mas-ferrocarril-para-chile\\\/\",\"url\":\"https:\\\/\\\/trenesparachile2050.cl\\\/por-que-mas-ferrocarril-para-chile\\\/\",\"name\":\"\u00bfPor qu\u00e9 m\u00e1s ferrocarril para Chile? - Pol\u00edtica Nacional Ferroviaria de Chile 2050\",\"isPartOf\":{\"@id\":\"https:\\\/\\\/trenesparachile2050.cl\\\/#website\"},\"primaryImageOfPage\":{\"@id\":\"https:\\\/\\\/trenesparachile2050.cl\\\/por-que-mas-ferrocarril-para-chile\\\/#primaryimage\"},\"image\":{\"@id\":\"https:\\\/\\\/trenesparachile2050.cl\\\/por-que-mas-ferrocarril-para-chile\\\/#primaryimage\"},\"thumbnailUrl\":\"https:\\\/\\\/trenesparachile2050.cl\\\/wp-content\\\/uploads\\\/2026\\\/04\\\/1920px-Linea_ferroviaria_Quillota_20231030_02.jpg\",\"datePublished\":\"2026-04-26T18:39:07+00:00\",\"dateModified\":\"2026-04-27T21:02:22+00:00\",\"breadcrumb\":{\"@id\":\"https:\\\/\\\/trenesparachile2050.cl\\\/por-que-mas-ferrocarril-para-chile\\\/#breadcrumb\"},\"inLanguage\":\"en-US\",\"potentialAction\":[{\"@type\":\"ReadAction\",\"target\":[\"https:\\\/\\\/trenesparachile2050.cl\\\/por-que-mas-ferrocarril-para-chile\\\/\"]}]},{\"@type\":\"ImageObject\",\"inLanguage\":\"en-US\",\"@id\":\"https:\\\/\\\/trenesparachile2050.cl\\\/por-que-mas-ferrocarril-para-chile\\\/#primaryimage\",\"url\":\"https:\\\/\\\/trenesparachile2050.cl\\\/wp-content\\\/uploads\\\/2026\\\/04\\\/1920px-Linea_ferroviaria_Quillota_20231030_02.jpg\",\"contentUrl\":\"https:\\\/\\\/trenesparachile2050.cl\\\/wp-content\\\/uploads\\\/2026\\\/04\\\/1920px-Linea_ferroviaria_Quillota_20231030_02.jpg\"},{\"@type\":\"BreadcrumbList\",\"@id\":\"https:\\\/\\\/trenesparachile2050.cl\\\/por-que-mas-ferrocarril-para-chile\\\/#breadcrumb\",\"itemListElement\":[{\"@type\":\"ListItem\",\"position\":1,\"name\":\"Inicio\",\"item\":\"https:\\\/\\\/trenesparachile2050.cl\\\/\"},{\"@type\":\"ListItem\",\"position\":2,\"name\":\"\u00bfPor qu\u00e9 m\u00e1s ferrocarril para Chile?\"}]},{\"@type\":\"WebSite\",\"@id\":\"https:\\\/\\\/trenesparachile2050.cl\\\/#website\",\"url\":\"https:\\\/\\\/trenesparachile2050.cl\\\/\",\"name\":\"trenesparachile2050.cl\",\"description\":\"Estrategia para consolidar el ferrocarril como eje clave del transporte y la log\u00edstica en Chile, promoviendo sostenibilidad y desarrollo econ\u00f3mico hacia 2050.\",\"publisher\":{\"@id\":\"https:\\\/\\\/trenesparachile2050.cl\\\/#organization\"},\"potentialAction\":[{\"@type\":\"SearchAction\",\"target\":{\"@type\":\"EntryPoint\",\"urlTemplate\":\"https:\\\/\\\/trenesparachile2050.cl\\\/?s={search_term_string}\"},\"query-input\":{\"@type\":\"PropertyValueSpecification\",\"valueRequired\":true,\"valueName\":\"search_term_string\"}}],\"inLanguage\":\"en-US\"},{\"@type\":\"Organization\",\"@id\":\"https:\\\/\\\/trenesparachile2050.cl\\\/#organization\",\"name\":\"trenesparachile2050.cl\",\"url\":\"https:\\\/\\\/trenesparachile2050.cl\\\/\",\"logo\":{\"@type\":\"ImageObject\",\"inLanguage\":\"en-US\",\"@id\":\"https:\\\/\\\/trenesparachile2050.cl\\\/#\\\/schema\\\/logo\\\/image\\\/\",\"url\":\"https:\\\/\\\/trenesparachile2050.cl\\\/wp-content\\\/uploads\\\/2026\\\/04\\\/treneslogo.png\",\"contentUrl\":\"https:\\\/\\\/trenesparachile2050.cl\\\/wp-content\\\/uploads\\\/2026\\\/04\\\/treneslogo.png\",\"width\":2556,\"height\":1043,\"caption\":\"trenesparachile2050.cl\"},\"image\":{\"@id\":\"https:\\\/\\\/trenesparachile2050.cl\\\/#\\\/schema\\\/logo\\\/image\\\/\"}}]}<\/script>\n<!-- \/ Yoast SEO plugin. -->","yoast_head_json":{"title":"\u00bfPor qu\u00e9 m\u00e1s ferrocarril para Chile? - Pol\u00edtica Nacional Ferroviaria de Chile 2050","robots":{"index":"index","follow":"follow","max-snippet":"max-snippet:-1","max-image-preview":"max-image-preview:large","max-video-preview":"max-video-preview:-1"},"canonical":"https:\/\/trenesparachile2050.cl\/en\/por-que-mas-ferrocarril-para-chile\/","og_locale":"en_US","og_type":"article","og_title":"\u00bfPor qu\u00e9 m\u00e1s ferrocarril para Chile? - Pol\u00edtica Nacional Ferroviaria de Chile 2050","og_description":"\u00a0 \u00a0\u00a0\u00a0\u00a0Trenes para Chile 2050 \u00b7 Ferrocarril \u00bfPor qu\u00e9 m\u00e1sferrocarrilpara Chile? El ferrocarril es uno de los modos m\u00e1s eficientes, seguros y sostenibles para el transporte de pasajeros y carga, ofreciendo ventajas importantes que lo hacen especialmente valioso para pol\u00edticas de largo plazo. 2%del consumo energ\u00e9tico total del transporte mundial\u00a03 &#8211; 10 veces menos CO\u2082 [&hellip;]","og_url":"https:\/\/trenesparachile2050.cl\/en\/por-que-mas-ferrocarril-para-chile\/","og_site_name":"Pol\u00edtica Nacional Ferroviaria de Chile 2050","article_modified_time":"2026-04-27T21:02:22+00:00","og_image":[{"url":"https:\/\/trenesparachile2050.cl\/wp-content\/uploads\/2026\/04\/1920px-Linea_ferroviaria_Quillota_20231030_02.jpg","type":"","width":"","height":""}],"twitter_card":"summary_large_image","twitter_misc":{"Est. reading time":"3 minutes"},"schema":{"@context":"https:\/\/schema.org","@graph":[{"@type":"WebPage","@id":"https:\/\/trenesparachile2050.cl\/por-que-mas-ferrocarril-para-chile\/","url":"https:\/\/trenesparachile2050.cl\/por-que-mas-ferrocarril-para-chile\/","name":"\u00bfPor qu\u00e9 m\u00e1s ferrocarril para Chile? - Pol\u00edtica Nacional Ferroviaria de Chile 2050","isPartOf":{"@id":"https:\/\/trenesparachile2050.cl\/#website"},"primaryImageOfPage":{"@id":"https:\/\/trenesparachile2050.cl\/por-que-mas-ferrocarril-para-chile\/#primaryimage"},"image":{"@id":"https:\/\/trenesparachile2050.cl\/por-que-mas-ferrocarril-para-chile\/#primaryimage"},"thumbnailUrl":"https:\/\/trenesparachile2050.cl\/wp-content\/uploads\/2026\/04\/1920px-Linea_ferroviaria_Quillota_20231030_02.jpg","datePublished":"2026-04-26T18:39:07+00:00","dateModified":"2026-04-27T21:02:22+00:00","breadcrumb":{"@id":"https:\/\/trenesparachile2050.cl\/por-que-mas-ferrocarril-para-chile\/#breadcrumb"},"inLanguage":"en-US","potentialAction":[{"@type":"ReadAction","target":["https:\/\/trenesparachile2050.cl\/por-que-mas-ferrocarril-para-chile\/"]}]},{"@type":"ImageObject","inLanguage":"en-US","@id":"https:\/\/trenesparachile2050.cl\/por-que-mas-ferrocarril-para-chile\/#primaryimage","url":"https:\/\/trenesparachile2050.cl\/wp-content\/uploads\/2026\/04\/1920px-Linea_ferroviaria_Quillota_20231030_02.jpg","contentUrl":"https:\/\/trenesparachile2050.cl\/wp-content\/uploads\/2026\/04\/1920px-Linea_ferroviaria_Quillota_20231030_02.jpg"},{"@type":"BreadcrumbList","@id":"https:\/\/trenesparachile2050.cl\/por-que-mas-ferrocarril-para-chile\/#breadcrumb","itemListElement":[{"@type":"ListItem","position":1,"name":"Inicio","item":"https:\/\/trenesparachile2050.cl\/"},{"@type":"ListItem","position":2,"name":"\u00bfPor qu\u00e9 m\u00e1s ferrocarril para Chile?"}]},{"@type":"WebSite","@id":"https:\/\/trenesparachile2050.cl\/#website","url":"https:\/\/trenesparachile2050.cl\/","name":"trenesparachile2050.cl","description":"Estrategia para consolidar el ferrocarril como eje clave del transporte y la log\u00edstica en Chile, promoviendo sostenibilidad y desarrollo econ\u00f3mico hacia 2050.","publisher":{"@id":"https:\/\/trenesparachile2050.cl\/#organization"},"potentialAction":[{"@type":"SearchAction","target":{"@type":"EntryPoint","urlTemplate":"https:\/\/trenesparachile2050.cl\/?s={search_term_string}"},"query-input":{"@type":"PropertyValueSpecification","valueRequired":true,"valueName":"search_term_string"}}],"inLanguage":"en-US"},{"@type":"Organization","@id":"https:\/\/trenesparachile2050.cl\/#organization","name":"trenesparachile2050.cl","url":"https:\/\/trenesparachile2050.cl\/","logo":{"@type":"ImageObject","inLanguage":"en-US","@id":"https:\/\/trenesparachile2050.cl\/#\/schema\/logo\/image\/","url":"https:\/\/trenesparachile2050.cl\/wp-content\/uploads\/2026\/04\/treneslogo.png","contentUrl":"https:\/\/trenesparachile2050.cl\/wp-content\/uploads\/2026\/04\/treneslogo.png","width":2556,"height":1043,"caption":"trenesparachile2050.cl"},"image":{"@id":"https:\/\/trenesparachile2050.cl\/#\/schema\/logo\/image\/"}}]}},"_links":{"self":[{"href":"https:\/\/trenesparachile2050.cl\/en\/wp-json\/wp\/v2\/pages\/1582","targetHints":{"allow":["GET"]}}],"collection":[{"href":"https:\/\/trenesparachile2050.cl\/en\/wp-json\/wp\/v2\/pages"}],"about":[{"href":"https:\/\/trenesparachile2050.cl\/en\/wp-json\/wp\/v2\/types\/page"}],"author":[{"embeddable":true,"href":"https:\/\/trenesparachile2050.cl\/en\/wp-json\/wp\/v2\/users\/1"}],"replies":[{"embeddable":true,"href":"https:\/\/trenesparachile2050.cl\/en\/wp-json\/wp\/v2\/comments?post=1582"}],"version-history":[{"count":36,"href":"https:\/\/trenesparachile2050.cl\/en\/wp-json\/wp\/v2\/pages\/1582\/revisions"}],"predecessor-version":[{"id":1738,"href":"https:\/\/trenesparachile2050.cl\/en\/wp-json\/wp\/v2\/pages\/1582\/revisions\/1738"}],"wp:attachment":[{"href":"https:\/\/trenesparachile2050.cl\/en\/wp-json\/wp\/v2\/media?parent=1582"}],"curies":[{"name":"wp","href":"https:\/\/api.w.org\/{rel}","templated":true}]}}