{"id":1564,"date":"2026-04-26T13:08:12","date_gmt":"2026-04-26T17:08:12","guid":{"rendered":"https:\/\/trenesparachile2050.cl\/?page_id=1564"},"modified":"2026-05-06T09:21:06","modified_gmt":"2026-05-06T13:21:06","slug":"presentacion","status":"publish","type":"page","link":"https:\/\/trenesparachile2050.cl\/en\/presentacion\/","title":{"rendered":"Presentation"},"content":{"rendered":"<div data-elementor-type=\"wp-page\" data-elementor-id=\"1564\" class=\"elementor elementor-1564\" data-elementor-post-type=\"page\">\n\t\t\t\t<div class=\"elementor-element elementor-element-5c1cb46a e-con-full e-flex e-con e-parent\" data-id=\"5c1cb46a\" data-element_type=\"container\" data-e-type=\"container\">\n\t\t\t\t<div class=\"elementor-element elementor-element-13de758c elementor-widget elementor-widget-text-editor\" data-id=\"13de758c\" data-element_type=\"widget\" data-e-type=\"widget\" data-widget_type=\"text-editor.default\">\n\t\t\t\t\t\t\t\t\t<header class=\"hero\">\n<div class=\"hero-deco-tl\"><\/div>\n<div class=\"hero-deco-tr\"><\/div>\n<div class=\"hero-deco-br\"><\/div>\n<div class=\"hero-linea-bottom\"><\/div>\n<div class=\"hero-content\">\n<div class=\"hero-etiqueta\">Trains for Chile 2050<\/div>\n<h1>Chile's National Railway Policy to 2050<\/h1>\n<p class=\"hero-desc\">A long-term public policy proposal to recover, modernize, and consolidate the railway system as a strategic infrastructure for the country. Prepared for presentation to stakeholders in the public, private, and international sectors who can support its implementation.<\/p>\n\n<div class=\"hero-meta\">\n<div><strong>Fabian Figueroa<\/strong>Author and presenter<\/div>\n<div class=\"hero-meta-sep\"><\/div>\n<div><strong>April 2026<\/strong>Spanish version<\/div>\n<div class=\"hero-meta-sep\"><\/div>\n<div><strong>Public policy<\/strong>Rail Infrastructure<\/div>\n<\/div>\n<\/div>\n<\/header><!-- PDF EMBED -->\n\n<section class=\"pdf-section\">\n<div class=\"pdf-label\">Presentation document<\/div>\n<div class=\"pdf-marco\">\t\t\t\t\t\t\t\t<\/div>\n\t\t\t\t<div class=\"elementor-element elementor-element-0c2867a elementor-widget__width-inherit elementor-widget elementor-widget-shortcode\" data-id=\"0c2867a\" data-element_type=\"widget\" data-e-type=\"widget\" data-widget_type=\"shortcode.default\">\n\t\t\t\t\t\t\t<div class=\"elementor-shortcode\">\n\n\n<embed style=\"width: 100%; height: 600px;\" src=\"https:\/\/trenesparachile2050.cl\/wp-content\/uploads\/2026\/05\/20260505-National-Public-Policy-of-Railway-Development-for-Chile-EN.pdf\" type=\"application\/pdf\" width=\"300\" height=\"150\"><\/embed>\n<\/div>\n\t\t\t\t\t\t<\/div>\n\t\t\t\t<div class=\"elementor-element elementor-element-230f822 elementor-widget elementor-widget-text-editor\" data-id=\"230f822\" data-element_type=\"widget\" data-e-type=\"widget\" data-widget_type=\"text-editor.default\">\n\t\t\t\t\t\t\t\t\t\n\n<\/div>\n<div class=\"pdf-actions\">\n\n<\/div>\n<\/section><!-- CIERRE -->\n<div class=\"cierre\">\n<div class=\"cierre-texto\">\n<h2>Do you want to learn more or support this initiative?<\/h2>\nWe are looking for allies from the public, private and international sectors who share the vision of a Chile with a modern, sustainable and connected railway system by 2050.\n\n<\/div>\n<div class=\"cierre-botones\">\n<div class=\"pqf-cierre-bts\"><a class=\"pqf-btn-prim\" href=\"https:\/\/trenesparachile2050.cl\/en\/#pdf-section\">\nLearn about the initiative\n<\/a>\n<a class=\"pqf-btn-prim\" href=\"https:\/\/trenesparachile2050.cl\/en\/contacto\/\">\nContact us\n<\/a><\/div>\n<\/div>\n<\/div>\t\t\t\t\t\t\t\t<\/div>\n\t\t\t\t<\/div>\n\t\t\t\t<\/div>","protected":false},"excerpt":{"rendered":"<p>Trenes para Chile 2050 Pol\u00edtica Nacional Ferroviaria de Chile al 2050 Una propuesta de pol\u00edtica p\u00fablica de largo plazo para recuperar, modernizar y consolidar el sistema ferroviario como infraestructura estrat\u00e9gica del pa\u00eds. Elaborada para presentar a actores del sector p\u00fablico, privado e internacional que puedan apoyar su implementaci\u00f3n. Fabi\u00e1n FigueroaAutor y presentador Abril 2026Versi\u00f3n en [&hellip;]<\/p>\n","protected":false},"author":1,"featured_media":0,"parent":0,"menu_order":0,"comment_status":"closed","ping_status":"closed","template":"elementor_header_footer","meta":{"footnotes":""},"class_list":["post-1564","page","type-page","status-publish","hentry"],"yoast_head":"<!-- This site is optimized with the Yoast SEO plugin v27.5 - https:\/\/yoast.com\/product\/yoast-seo-wordpress\/ -->\n<title>Presentaci\u00f3n - Pol\u00edtica Nacional Ferroviaria de Chile 2050<\/title>\n<meta name=\"robots\" content=\"index, follow, max-snippet:-1, max-image-preview:large, max-video-preview:-1\" \/>\n<link rel=\"canonical\" href=\"https:\/\/trenesparachile2050.cl\/en\/presentacion\/\" \/>\n<meta property=\"og:locale\" content=\"en_US\" \/>\n<meta property=\"og:type\" content=\"article\" \/>\n<meta property=\"og:title\" content=\"Presentaci\u00f3n - Pol\u00edtica Nacional Ferroviaria de Chile 2050\" \/>\n<meta property=\"og:description\" content=\"Trenes para Chile 2050 Pol\u00edtica Nacional Ferroviaria de Chile al 2050 Una propuesta de pol\u00edtica p\u00fablica de largo plazo para recuperar, modernizar y consolidar el sistema ferroviario como infraestructura estrat\u00e9gica del pa\u00eds. Elaborada para presentar a actores del sector p\u00fablico, privado e internacional que puedan apoyar su implementaci\u00f3n. Fabi\u00e1n FigueroaAutor y presentador Abril 2026Versi\u00f3n en [&hellip;]\" \/>\n<meta property=\"og:url\" content=\"https:\/\/trenesparachile2050.cl\/en\/presentacion\/\" \/>\n<meta property=\"og:site_name\" content=\"Pol\u00edtica Nacional Ferroviaria de Chile 2050\" \/>\n<meta property=\"article:modified_time\" content=\"2026-05-06T13:21:06+00:00\" \/>\n<meta name=\"twitter:card\" content=\"summary_large_image\" \/>\n<meta name=\"twitter:label1\" content=\"Est. reading time\" \/>\n\t<meta name=\"twitter:data1\" content=\"1 minute\" \/>\n<script type=\"application\/ld+json\" class=\"yoast-schema-graph\">{\"@context\":\"https:\\\/\\\/schema.org\",\"@graph\":[{\"@type\":\"WebPage\",\"@id\":\"https:\\\/\\\/trenesparachile2050.cl\\\/presentacion\\\/\",\"url\":\"https:\\\/\\\/trenesparachile2050.cl\\\/presentacion\\\/\",\"name\":\"Presentaci\u00f3n - Pol\u00edtica Nacional Ferroviaria de Chile 2050\",\"isPartOf\":{\"@id\":\"https:\\\/\\\/trenesparachile2050.cl\\\/#website\"},\"datePublished\":\"2026-04-26T17:08:12+00:00\",\"dateModified\":\"2026-05-06T13:21:06+00:00\",\"breadcrumb\":{\"@id\":\"https:\\\/\\\/trenesparachile2050.cl\\\/presentacion\\\/#breadcrumb\"},\"inLanguage\":\"en-US\",\"potentialAction\":[{\"@type\":\"ReadAction\",\"target\":[\"https:\\\/\\\/trenesparachile2050.cl\\\/presentacion\\\/\"]}]},{\"@type\":\"BreadcrumbList\",\"@id\":\"https:\\\/\\\/trenesparachile2050.cl\\\/presentacion\\\/#breadcrumb\",\"itemListElement\":[{\"@type\":\"ListItem\",\"position\":1,\"name\":\"Inicio\",\"item\":\"https:\\\/\\\/trenesparachile2050.cl\\\/\"},{\"@type\":\"ListItem\",\"position\":2,\"name\":\"Presentaci\u00f3n\"}]},{\"@type\":\"WebSite\",\"@id\":\"https:\\\/\\\/trenesparachile2050.cl\\\/#website\",\"url\":\"https:\\\/\\\/trenesparachile2050.cl\\\/\",\"name\":\"trenesparachile2050.cl\",\"description\":\"Estrategia para consolidar el ferrocarril como eje clave del transporte y la log\u00edstica en Chile, promoviendo sostenibilidad y desarrollo econ\u00f3mico hacia 2050.\",\"publisher\":{\"@id\":\"https:\\\/\\\/trenesparachile2050.cl\\\/#organization\"},\"potentialAction\":[{\"@type\":\"SearchAction\",\"target\":{\"@type\":\"EntryPoint\",\"urlTemplate\":\"https:\\\/\\\/trenesparachile2050.cl\\\/?s={search_term_string}\"},\"query-input\":{\"@type\":\"PropertyValueSpecification\",\"valueRequired\":true,\"valueName\":\"search_term_string\"}}],\"inLanguage\":\"en-US\"},{\"@type\":\"Organization\",\"@id\":\"https:\\\/\\\/trenesparachile2050.cl\\\/#organization\",\"name\":\"trenesparachile2050.cl\",\"url\":\"https:\\\/\\\/trenesparachile2050.cl\\\/\",\"logo\":{\"@type\":\"ImageObject\",\"inLanguage\":\"en-US\",\"@id\":\"https:\\\/\\\/trenesparachile2050.cl\\\/#\\\/schema\\\/logo\\\/image\\\/\",\"url\":\"https:\\\/\\\/trenesparachile2050.cl\\\/wp-content\\\/uploads\\\/2026\\\/04\\\/treneslogo.png\",\"contentUrl\":\"https:\\\/\\\/trenesparachile2050.cl\\\/wp-content\\\/uploads\\\/2026\\\/04\\\/treneslogo.png\",\"width\":2556,\"height\":1043,\"caption\":\"trenesparachile2050.cl\"},\"image\":{\"@id\":\"https:\\\/\\\/trenesparachile2050.cl\\\/#\\\/schema\\\/logo\\\/image\\\/\"}}]}<\/script>\n<!-- \/ Yoast SEO plugin. -->","yoast_head_json":{"title":"Presentaci\u00f3n - Pol\u00edtica Nacional Ferroviaria de Chile 2050","robots":{"index":"index","follow":"follow","max-snippet":"max-snippet:-1","max-image-preview":"max-image-preview:large","max-video-preview":"max-video-preview:-1"},"canonical":"https:\/\/trenesparachile2050.cl\/en\/presentacion\/","og_locale":"en_US","og_type":"article","og_title":"Presentaci\u00f3n - Pol\u00edtica Nacional Ferroviaria de Chile 2050","og_description":"Trenes para Chile 2050 Pol\u00edtica Nacional Ferroviaria de Chile al 2050 Una propuesta de pol\u00edtica p\u00fablica de largo plazo para recuperar, modernizar y consolidar el sistema ferroviario como infraestructura estrat\u00e9gica del pa\u00eds. Elaborada para presentar a actores del sector p\u00fablico, privado e internacional que puedan apoyar su implementaci\u00f3n. Fabi\u00e1n FigueroaAutor y presentador Abril 2026Versi\u00f3n en [&hellip;]","og_url":"https:\/\/trenesparachile2050.cl\/en\/presentacion\/","og_site_name":"Pol\u00edtica Nacional Ferroviaria de Chile 2050","article_modified_time":"2026-05-06T13:21:06+00:00","twitter_card":"summary_large_image","twitter_misc":{"Est. reading time":"1 minute"},"schema":{"@context":"https:\/\/schema.org","@graph":[{"@type":"WebPage","@id":"https:\/\/trenesparachile2050.cl\/presentacion\/","url":"https:\/\/trenesparachile2050.cl\/presentacion\/","name":"Presentaci\u00f3n - Pol\u00edtica Nacional Ferroviaria de Chile 2050","isPartOf":{"@id":"https:\/\/trenesparachile2050.cl\/#website"},"datePublished":"2026-04-26T17:08:12+00:00","dateModified":"2026-05-06T13:21:06+00:00","breadcrumb":{"@id":"https:\/\/trenesparachile2050.cl\/presentacion\/#breadcrumb"},"inLanguage":"en-US","potentialAction":[{"@type":"ReadAction","target":["https:\/\/trenesparachile2050.cl\/presentacion\/"]}]},{"@type":"BreadcrumbList","@id":"https:\/\/trenesparachile2050.cl\/presentacion\/#breadcrumb","itemListElement":[{"@type":"ListItem","position":1,"name":"Inicio","item":"https:\/\/trenesparachile2050.cl\/"},{"@type":"ListItem","position":2,"name":"Presentaci\u00f3n"}]},{"@type":"WebSite","@id":"https:\/\/trenesparachile2050.cl\/#website","url":"https:\/\/trenesparachile2050.cl\/","name":"trenesparachile2050.cl","description":"Estrategia para consolidar el ferrocarril como eje clave del transporte y la log\u00edstica en Chile, promoviendo sostenibilidad y desarrollo econ\u00f3mico hacia 2050.","publisher":{"@id":"https:\/\/trenesparachile2050.cl\/#organization"},"potentialAction":[{"@type":"SearchAction","target":{"@type":"EntryPoint","urlTemplate":"https:\/\/trenesparachile2050.cl\/?s={search_term_string}"},"query-input":{"@type":"PropertyValueSpecification","valueRequired":true,"valueName":"search_term_string"}}],"inLanguage":"en-US"},{"@type":"Organization","@id":"https:\/\/trenesparachile2050.cl\/#organization","name":"trenesparachile2050.cl","url":"https:\/\/trenesparachile2050.cl\/","logo":{"@type":"ImageObject","inLanguage":"en-US","@id":"https:\/\/trenesparachile2050.cl\/#\/schema\/logo\/image\/","url":"https:\/\/trenesparachile2050.cl\/wp-content\/uploads\/2026\/04\/treneslogo.png","contentUrl":"https:\/\/trenesparachile2050.cl\/wp-content\/uploads\/2026\/04\/treneslogo.png","width":2556,"height":1043,"caption":"trenesparachile2050.cl"},"image":{"@id":"https:\/\/trenesparachile2050.cl\/#\/schema\/logo\/image\/"}}]}},"_links":{"self":[{"href":"https:\/\/trenesparachile2050.cl\/en\/wp-json\/wp\/v2\/pages\/1564","targetHints":{"allow":["GET"]}}],"collection":[{"href":"https:\/\/trenesparachile2050.cl\/en\/wp-json\/wp\/v2\/pages"}],"about":[{"href":"https:\/\/trenesparachile2050.cl\/en\/wp-json\/wp\/v2\/types\/page"}],"author":[{"embeddable":true,"href":"https:\/\/trenesparachile2050.cl\/en\/wp-json\/wp\/v2\/users\/1"}],"replies":[{"embeddable":true,"href":"https:\/\/trenesparachile2050.cl\/en\/wp-json\/wp\/v2\/comments?post=1564"}],"version-history":[{"count":45,"href":"https:\/\/trenesparachile2050.cl\/en\/wp-json\/wp\/v2\/pages\/1564\/revisions"}],"predecessor-version":[{"id":1809,"href":"https:\/\/trenesparachile2050.cl\/en\/wp-json\/wp\/v2\/pages\/1564\/revisions\/1809"}],"wp:attachment":[{"href":"https:\/\/trenesparachile2050.cl\/en\/wp-json\/wp\/v2\/media?parent=1564"}],"curies":[{"name":"wp","href":"https:\/\/api.w.org\/{rel}","templated":true}]}}